{"id":1958,"date":"2016-12-13T18:27:33","date_gmt":"2016-12-13T16:27:33","guid":{"rendered":"https:\/\/collegelucieaubrac.blogs.laclasse.com\/?page_id=1958"},"modified":"2021-10-01T15:01:42","modified_gmt":"2021-10-01T13:01:42","slug":"nous-contacter","status":"publish","type":"page","link":"https:\/\/collegelucieaubrac.blogs.laclasse.com\/?page_id=1958","title":{"rendered":"Nous contacter"},"content":{"rendered":"<p>Adresse : 5 rue de Dob\u00ebln 69700 GIVORS<\/p>\n<p>T\u00e9l\u00e9phone :&nbsp;04 78 73 72 86<\/p>\n<p>Email : 0691483m@ac-lyon.fr<\/p>\n<p>Pour les absences ou les retards contacter la vie scolaire : 04 37 20 14 75<\/p>\n","protected":false},"excerpt":{"rendered":"<p>Adresse : 5 rue de Dob\u00ebln 69700 GIVORS T\u00e9l\u00e9phone :&nbsp;04 78 73 72 86 Email : 0691483m@ac-lyon.fr Pour les absences ou les retards contacter la vie scolaire : 04 37 20 14 75<\/p>\n","protected":false},"author":34479,"featured_media":0,"parent":0,"menu_order":15,"comment_status":"closed","ping_status":"closed","template":"","meta":{"ngg_post_thumbnail":0,"footnotes":""},"class_list":["post-1958","page","type-page","status-publish","hentry"],"_links":{"self":[{"href":"https:\/\/collegelucieaubrac.blogs.laclasse.com\/index.php?rest_route=\/wp\/v2\/pages\/1958","targetHints":{"allow":["GET"]}}],"collection":[{"href":"https:\/\/collegelucieaubrac.blogs.laclasse.com\/index.php?rest_route=\/wp\/v2\/pages"}],"about":[{"href":"https:\/\/collegelucieaubrac.blogs.laclasse.com\/index.php?rest_route=\/wp\/v2\/types\/page"}],"author":[{"embeddable":true,"href":"https:\/\/collegelucieaubrac.blogs.laclasse.com\/index.php?rest_route=\/wp\/v2\/users\/34479"}],"replies":[{"embeddable":true,"href":"https:\/\/collegelucieaubrac.blogs.laclasse.com\/index.php?rest_route=%2Fwp%2Fv2%2Fcomments&post=1958"}],"version-history":[{"count":9,"href":"https:\/\/collegelucieaubrac.blogs.laclasse.com\/index.php?rest_route=\/wp\/v2\/pages\/1958\/revisions"}],"predecessor-version":[{"id":3651,"href":"https:\/\/collegelucieaubrac.blogs.laclasse.com\/index.php?rest_route=\/wp\/v2\/pages\/1958\/revisions\/3651"}],"wp:attachment":[{"href":"https:\/\/collegelucieaubrac.blogs.laclasse.com\/index.php?rest_route=%2Fwp%2Fv2%2Fmedia&parent=1958"}],"curies":[{"name":"wp","href":"https:\/\/api.w.org\/{rel}","templated":true}]}}