{"id":2132,"date":"2017-01-02T20:08:10","date_gmt":"2017-01-02T18:08:10","guid":{"rendered":"https:\/\/collegelucieaubrac.blogs.laclasse.com\/?page_id=2132"},"modified":"2021-11-30T10:49:36","modified_gmt":"2021-11-30T08:49:36","slug":"aide-aux-devoirs","status":"publish","type":"page","link":"https:\/\/collegelucieaubrac.blogs.laclasse.com\/?page_id=2132","title":{"rendered":"Devoirs Faits"},"content":{"rendered":"<p style=\"text-align: justify\"><span style=\"color: #0000ff\"><strong>La deuxi\u00e8me p\u00e9riode de &#8216;Devoirs faits&#8217; commence en f\u00e9vrier et les \u00e9l\u00e8ves peuvent s&#8217;inscrire en compl\u00e9tant la fiche d&#8217;inscription transmise par leur professeur principal. Les \u00e9l\u00e8ves doivent la rapporter au secr\u00e9tariat pour finaliser l&#8217;inscription. Lorsqu&#8217;un cr\u00e9neau leur est attribu\u00e9, la modification est visible sur l&#8217;emploi du temps de l&#8217;\u00e9l\u00e8ve sur pronote.<br \/>\n<\/strong><\/span><\/p>\n<p><a href=\"https:\/\/collegelucieaubrac.blogs.laclasse.com\/wp-content\/uploads\/sites\/1279\/2020\/02\/devoir-fait.jpg\"><img loading=\"lazy\" decoding=\"async\" class=\"size-full wp-image-3005 aligncenter\" src=\"https:\/\/collegelucieaubrac.blogs.laclasse.com\/wp-content\/uploads\/sites\/1279\/2020\/02\/devoir-fait.jpg\" alt=\"\" width=\"450\" height=\"632\" srcset=\"https:\/\/collegelucieaubrac.blogs.laclasse.com\/wp-content\/uploads\/sites\/1279\/2020\/02\/devoir-fait.jpg 450w, https:\/\/collegelucieaubrac.blogs.laclasse.com\/wp-content\/uploads\/sites\/1279\/2020\/02\/devoir-fait-214x300.jpg 214w\" sizes=\"auto, (max-width: 450px) 100vw, 450px\" \/><\/a><\/p>\n<p><a href=\"http:\/\/www.education.gouv.fr\/cid118686\/devoirs-faits-un-temps-d-etude-accompagnee-pour-realiser-les-devoirs.html?gclsrc=aw.ds&amp;&amp;gclid=Cj0KCQjwjOrtBRCcARIsAEq4rW6WYaZUqKOXdce98f1aIQu3OdPJulbxL58a6MvWb1z0wZXzaWn4xsIaAo41EALw_wcB\"><img loading=\"lazy\" decoding=\"async\" class=\" wp-image-2506 aligncenter\" src=\"https:\/\/collegelucieaubrac.blogs.laclasse.com\/wp-content\/uploads\/sites\/1279\/2019\/02\/devoir_fait_1-166x300.jpg\" alt=\"\" width=\"295\" height=\"521\"\/>Cliquez sur l&#8217;image pour suivre l&#8217;actualit\u00e9 du minist\u00e8re<br \/>\n<\/a><\/p>\n","protected":false},"excerpt":{"rendered":"<p>La deuxi\u00e8me p\u00e9riode de &#8216;Devoirs faits&#8217; commence en f\u00e9vrier et les \u00e9l\u00e8ves peuvent s&#8217;inscrire en compl\u00e9tant la fiche d&#8217;inscription transmise par leur professeur principal. Les \u00e9l\u00e8ves doivent la rapporter au secr\u00e9tariat pour finaliser l&#8217;inscription. Lorsqu&#8217;un cr\u00e9neau leur est attribu\u00e9, la <a class=\"more-link\" href=\"https:\/\/collegelucieaubrac.blogs.laclasse.com\/?page_id=2132\">Continuer la lecture <span class=\"screen-reader-text\">  Devoirs Faits<\/span><span class=\"meta-nav\">&rarr;<\/span><\/a><\/p>\n","protected":false},"author":34472,"featured_media":0,"parent":1954,"menu_order":0,"comment_status":"closed","ping_status":"closed","template":"page-disable-sidebar.php","meta":{"ngg_post_thumbnail":0,"footnotes":""},"class_list":["post-2132","page","type-page","status-publish","hentry"],"_links":{"self":[{"href":"https:\/\/collegelucieaubrac.blogs.laclasse.com\/index.php?rest_route=\/wp\/v2\/pages\/2132","targetHints":{"allow":["GET"]}}],"collection":[{"href":"https:\/\/collegelucieaubrac.blogs.laclasse.com\/index.php?rest_route=\/wp\/v2\/pages"}],"about":[{"href":"https:\/\/collegelucieaubrac.blogs.laclasse.com\/index.php?rest_route=\/wp\/v2\/types\/page"}],"author":[{"embeddable":true,"href":"https:\/\/collegelucieaubrac.blogs.laclasse.com\/index.php?rest_route=\/wp\/v2\/users\/34472"}],"replies":[{"embeddable":true,"href":"https:\/\/collegelucieaubrac.blogs.laclasse.com\/index.php?rest_route=%2Fwp%2Fv2%2Fcomments&post=2132"}],"version-history":[{"count":10,"href":"https:\/\/collegelucieaubrac.blogs.laclasse.com\/index.php?rest_route=\/wp\/v2\/pages\/2132\/revisions"}],"predecessor-version":[{"id":3734,"href":"https:\/\/collegelucieaubrac.blogs.laclasse.com\/index.php?rest_route=\/wp\/v2\/pages\/2132\/revisions\/3734"}],"up":[{"embeddable":true,"href":"https:\/\/collegelucieaubrac.blogs.laclasse.com\/index.php?rest_route=\/wp\/v2\/pages\/1954"}],"wp:attachment":[{"href":"https:\/\/collegelucieaubrac.blogs.laclasse.com\/index.php?rest_route=%2Fwp%2Fv2%2Fmedia&parent=2132"}],"curies":[{"name":"wp","href":"https:\/\/api.w.org\/{rel}","templated":true}]}}