{"id":2142,"date":"2017-01-02T20:12:42","date_gmt":"2017-01-02T18:12:42","guid":{"rendered":"https:\/\/collegelucieaubrac.blogs.laclasse.com\/?page_id=2142"},"modified":"2021-03-19T18:20:44","modified_gmt":"2021-03-19T16:20:44","slug":"teleservices","status":"publish","type":"page","link":"https:\/\/collegelucieaubrac.blogs.laclasse.com\/?page_id=2142","title":{"rendered":"T\u00e9l\u00e9services"},"content":{"rendered":"<div style=\"font-size: 30px;text-align: center;margin-bottom: 10px;padding: 10px;color: white;background-color: #1aaacc\">\n<p>Authentification<\/p>\n<\/div>\n<div style=\"margin-bottom: 20px\">\n<div class=\"title\">Connectez-vous avec vos codes acad\u00e9miques.<\/div>\n<\/div>\n<div class=\"box\">\n<div style=\"font-size: 22px;text-align: center;margin-bottom: 5px;padding: 5px;color: white;border: 1px solid black;background-color: #e6f3ff\"><a href=\"https:\/\/services.ac-lyon.fr\/\">Parents\/El\u00e8ves<\/a><\/div>\n<\/div>\n<p>&nbsp;<\/p>\n<div class=\"box\">\n<div style=\"font-size: 22px;text-align: center;margin-bottom: 5px;padding: 5px;color: white;border: 1px solid black;background-color: #e6f3ff\"><a href=\"https:\/\/www.laclasse.com\/sso\/login?service=https%3A%2F%2Fwww.laclasse.com%2Fportail%2Fauth%2Fcas%2Fcallback%3Furl%3Dhttps%253A%252F%252Fwww.laclasse.com%252Fportail%252F\">Enseignants\/Agents<\/a><br \/>\n&nbsp;<\/div>\n<\/div>\n<p>&nbsp;<br \/>\n<strong>Besoin d&#8217;aide ?<\/strong><br \/>\nContacter le coll\u00e8ge<br \/>\nou bien<strong> les centres sociaux de Givors<\/strong> qui peuvent aussi vous accompagner :<\/p>\n<ul>\n<li>les jeudis de 14h \u00e0 16h au centre social Jacques Pr\u00e9vert (aux Vernes)<\/li>\n<li>les vendredis de 9h30 \u00e0 11h30 au centresocial Camille Claudel (centre-ville)<\/li>\n<\/ul>\n<p>Nouvelle proc\u00e9dure d&#8217;acc\u00e8s \u00e0 l&#8217;Espace Num\u00e9rique de Travail <em>&#8220;La classe.com&#8221;<\/em><\/p>\n\n","protected":false},"excerpt":{"rendered":"<p>Authentification Connectez-vous avec vos codes acad\u00e9miques. Parents\/El\u00e8ves &nbsp; Enseignants\/Agents &nbsp; &nbsp; Besoin d&#8217;aide ? Contacter le coll\u00e8ge ou bien les centres sociaux de Givors qui peuvent aussi vous accompagner : les jeudis de 14h \u00e0 16h au centre social Jacques <a class=\"more-link\" href=\"https:\/\/collegelucieaubrac.blogs.laclasse.com\/?page_id=2142\">Continuer la lecture <span class=\"screen-reader-text\">  T\u00e9l\u00e9services<\/span><span class=\"meta-nav\">&rarr;<\/span><\/a><\/p>\n","protected":false},"author":34472,"featured_media":0,"parent":0,"menu_order":26,"comment_status":"closed","ping_status":"closed","template":"","meta":{"ngg_post_thumbnail":0,"footnotes":""},"class_list":["post-2142","page","type-page","status-publish","hentry"],"_links":{"self":[{"href":"https:\/\/collegelucieaubrac.blogs.laclasse.com\/index.php?rest_route=\/wp\/v2\/pages\/2142","targetHints":{"allow":["GET"]}}],"collection":[{"href":"https:\/\/collegelucieaubrac.blogs.laclasse.com\/index.php?rest_route=\/wp\/v2\/pages"}],"about":[{"href":"https:\/\/collegelucieaubrac.blogs.laclasse.com\/index.php?rest_route=\/wp\/v2\/types\/page"}],"author":[{"embeddable":true,"href":"https:\/\/collegelucieaubrac.blogs.laclasse.com\/index.php?rest_route=\/wp\/v2\/users\/34472"}],"replies":[{"embeddable":true,"href":"https:\/\/collegelucieaubrac.blogs.laclasse.com\/index.php?rest_route=%2Fwp%2Fv2%2Fcomments&post=2142"}],"version-history":[{"count":5,"href":"https:\/\/collegelucieaubrac.blogs.laclasse.com\/index.php?rest_route=\/wp\/v2\/pages\/2142\/revisions"}],"predecessor-version":[{"id":3483,"href":"https:\/\/collegelucieaubrac.blogs.laclasse.com\/index.php?rest_route=\/wp\/v2\/pages\/2142\/revisions\/3483"}],"wp:attachment":[{"href":"https:\/\/collegelucieaubrac.blogs.laclasse.com\/index.php?rest_route=%2Fwp%2Fv2%2Fmedia&parent=2142"}],"curies":[{"name":"wp","href":"https:\/\/api.w.org\/{rel}","templated":true}]}}