{"id":2203,"date":"2017-01-02T23:51:46","date_gmt":"2017-01-02T21:51:46","guid":{"rendered":"https:\/\/collegelucieaubrac.blogs.laclasse.com\/?page_id=2203"},"modified":"2020-02-13T17:31:07","modified_gmt":"2020-02-13T15:31:07","slug":"parcours-citoyen","status":"publish","type":"page","link":"https:\/\/collegelucieaubrac.blogs.laclasse.com\/?page_id=2203","title":{"rendered":"Parcours citoyen"},"content":{"rendered":"<p><a href=\"https:\/\/collegelucieaubrac.blogs.laclasse.com\/?page_id=2632\"><strong>Ambassadeurs<\/strong><\/a><\/p>\n<p><a href=\"https:\/\/collegelucieaubrac.blogs.laclasse.com\/?page_id=2211\"><strong>Citoyennet\u00e9<\/strong><\/a><\/p>\n<p><strong><a href=\"https:\/\/collegelucieaubrac.blogs.laclasse.com\/?page_id=2209\">Cross solidaire<\/a><\/strong><\/p>\n<p><strong><a href=\"https:\/\/collegelucieaubrac.blogs.laclasse.com\/?page_id=2205\">CVC<\/a><\/strong><\/p>\n<p><a href=\"https:\/\/collegelucieaubrac.blogs.laclasse.com\/?page_id=2207\"><strong>D\u00e9l\u00e9gu\u00e9s<\/strong><\/a><\/p>\n<p><strong><a href=\"https:\/\/collegelucieaubrac.blogs.laclasse.com\/?page_id=2215\">Education \u00e0 la route<\/a><\/strong><\/p>\n<p><strong><a href=\"https:\/\/collegelucieaubrac.blogs.laclasse.com\/?page_id=2213\">Formations premiers secours<\/a><\/strong><\/p>\n<p><a href=\"https:\/\/collegelucieaubrac.blogs.laclasse.com\/?page_id=2612\"><strong>Projet D\u00e9bat Citoyens<\/strong><\/a><\/p>\n<p>&nbsp;<\/p>\n","protected":false},"excerpt":{"rendered":"<p>Ambassadeurs Citoyennet\u00e9 Cross solidaire CVC D\u00e9l\u00e9gu\u00e9s Education \u00e0 la route Formations premiers secours Projet D\u00e9bat Citoyens &nbsp;<\/p>\n","protected":false},"author":34472,"featured_media":0,"parent":1954,"menu_order":0,"comment_status":"closed","ping_status":"closed","template":"","meta":{"ngg_post_thumbnail":0,"footnotes":""},"class_list":["post-2203","page","type-page","status-publish","hentry"],"_links":{"self":[{"href":"https:\/\/collegelucieaubrac.blogs.laclasse.com\/index.php?rest_route=\/wp\/v2\/pages\/2203","targetHints":{"allow":["GET"]}}],"collection":[{"href":"https:\/\/collegelucieaubrac.blogs.laclasse.com\/index.php?rest_route=\/wp\/v2\/pages"}],"about":[{"href":"https:\/\/collegelucieaubrac.blogs.laclasse.com\/index.php?rest_route=\/wp\/v2\/types\/page"}],"author":[{"embeddable":true,"href":"https:\/\/collegelucieaubrac.blogs.laclasse.com\/index.php?rest_route=\/wp\/v2\/users\/34472"}],"replies":[{"embeddable":true,"href":"https:\/\/collegelucieaubrac.blogs.laclasse.com\/index.php?rest_route=%2Fwp%2Fv2%2Fcomments&post=2203"}],"version-history":[{"count":7,"href":"https:\/\/collegelucieaubrac.blogs.laclasse.com\/index.php?rest_route=\/wp\/v2\/pages\/2203\/revisions"}],"predecessor-version":[{"id":3030,"href":"https:\/\/collegelucieaubrac.blogs.laclasse.com\/index.php?rest_route=\/wp\/v2\/pages\/2203\/revisions\/3030"}],"up":[{"embeddable":true,"href":"https:\/\/collegelucieaubrac.blogs.laclasse.com\/index.php?rest_route=\/wp\/v2\/pages\/1954"}],"wp:attachment":[{"href":"https:\/\/collegelucieaubrac.blogs.laclasse.com\/index.php?rest_route=%2Fwp%2Fv2%2Fmedia&parent=2203"}],"curies":[{"name":"wp","href":"https:\/\/api.w.org\/{rel}","templated":true}]}}