{"id":2205,"date":"2017-01-02T23:52:10","date_gmt":"2017-01-02T21:52:10","guid":{"rendered":"https:\/\/collegelucieaubrac.blogs.laclasse.com\/?page_id=2205"},"modified":"2021-11-30T11:10:07","modified_gmt":"2021-11-30T09:10:07","slug":"cvc","status":"publish","type":"page","link":"https:\/\/collegelucieaubrac.blogs.laclasse.com\/?page_id=2205","title":{"rendered":"CVC"},"content":{"rendered":"<p class=\"ydp18e18d44MsoNormal\">Mis en place sur le mod\u00e8le des conseils de vie lyc\u00e9ennes (CVL) des lyc\u00e9es, le CVC est une instance consultative compos\u00e9e d\u2019\u00e9l\u00e8ves \u00e9lus.<\/p>\n<p class=\"ydp18e18d44MsoNormal\">Le CVC est une instance susceptible de garantir un climat scolaire serein&nbsp;:<\/p>\n<ul type=\"disc\">\n<li class=\"ydp18e18d44MsoNormal\">en responsabilisant les \u00e9l\u00e8ves,<\/li>\n<li class=\"ydp18e18d44MsoNormal\">en cr\u00e9ant une dynamique d\u2019\u00e9tablissement port\u00e9e par les \u00e9l\u00e8ves,<\/li>\n<li class=\"ydp18e18d44MsoNormal\">en contribuant \u00e0 la formation active de citoyens,<\/li>\n<li class=\"ydp18e18d44MsoNormal\">en participant \u00e0 la construction d\u2019une culture d\u2019\u00e9tablissement autour de projets citoyens.<\/li>\n<\/ul>\n<p class=\"ydp18e18d44MsoNormal\">Le CVC doit \u00eatre un lieu de dialogue, d\u2019\u00e9change entre tous les membres et d\u2019expression libre des suggestions et des propositions des \u00e9l\u00e8ves.<\/p>\n<p class=\"ydp18e18d44MsoNormal\" style=\"text-align: justify\">Le CVC travaille dans une logique de projet, en b\u00e9n\u00e9ficiant des comp\u00e9tences professionnelles et p\u00e9dagogiques de la communaut\u00e9 \u00e9ducative, en accord avec des objectifs disciplinaires, les comp\u00e9tences 6 et 7 du socle commun de connaissances, de comp\u00e9tences et de culture, la loi de Refondation de l\u2019\u00c9cole de la R\u00e9publique.<\/p>\n<div>\n<p>Rencontre entre les membres du&nbsp; CVC et le <strong>Conseil Municipal de Givors<\/strong>.<\/p>\n<p><a href=\"https:\/\/collegelucieaubrac.blogs.laclasse.com\/wp-content\/uploads\/sites\/1279\/2019\/06\/cvc-3.jpg\"><img loading=\"lazy\" decoding=\"async\" class=\"alignnone size-full wp-image-2652\" src=\"https:\/\/collegelucieaubrac.blogs.laclasse.com\/wp-content\/uploads\/sites\/1279\/2019\/06\/cvc-3.jpg\" alt=\"\" width=\"863\" height=\"599\" srcset=\"https:\/\/collegelucieaubrac.blogs.laclasse.com\/wp-content\/uploads\/sites\/1279\/2019\/06\/cvc-3.jpg 863w, https:\/\/collegelucieaubrac.blogs.laclasse.com\/wp-content\/uploads\/sites\/1279\/2019\/06\/cvc-3-300x208.jpg 300w, https:\/\/collegelucieaubrac.blogs.laclasse.com\/wp-content\/uploads\/sites\/1279\/2019\/06\/cvc-3-768x533.jpg 768w\" sizes=\"auto, (max-width: 863px) 100vw, 863px\" \/><\/a><\/p>\n<p>&nbsp;<\/p>\n<\/div>\n","protected":false},"excerpt":{"rendered":"<p>Mis en place sur le mod\u00e8le des conseils de vie lyc\u00e9ennes (CVL) des lyc\u00e9es, le CVC est une instance consultative compos\u00e9e d\u2019\u00e9l\u00e8ves \u00e9lus. Le CVC est une instance susceptible de garantir un climat scolaire serein&nbsp;: en responsabilisant les \u00e9l\u00e8ves, en <a class=\"more-link\" href=\"https:\/\/collegelucieaubrac.blogs.laclasse.com\/?page_id=2205\">Continuer la lecture <span class=\"screen-reader-text\">  CVC<\/span><span class=\"meta-nav\">&rarr;<\/span><\/a><\/p>\n","protected":false},"author":34472,"featured_media":0,"parent":2203,"menu_order":0,"comment_status":"closed","ping_status":"closed","template":"","meta":{"ngg_post_thumbnail":0,"footnotes":""},"class_list":["post-2205","page","type-page","status-publish","hentry"],"_links":{"self":[{"href":"https:\/\/collegelucieaubrac.blogs.laclasse.com\/index.php?rest_route=\/wp\/v2\/pages\/2205","targetHints":{"allow":["GET"]}}],"collection":[{"href":"https:\/\/collegelucieaubrac.blogs.laclasse.com\/index.php?rest_route=\/wp\/v2\/pages"}],"about":[{"href":"https:\/\/collegelucieaubrac.blogs.laclasse.com\/index.php?rest_route=\/wp\/v2\/types\/page"}],"author":[{"embeddable":true,"href":"https:\/\/collegelucieaubrac.blogs.laclasse.com\/index.php?rest_route=\/wp\/v2\/users\/34472"}],"replies":[{"embeddable":true,"href":"https:\/\/collegelucieaubrac.blogs.laclasse.com\/index.php?rest_route=%2Fwp%2Fv2%2Fcomments&post=2205"}],"version-history":[{"count":9,"href":"https:\/\/collegelucieaubrac.blogs.laclasse.com\/index.php?rest_route=\/wp\/v2\/pages\/2205\/revisions"}],"predecessor-version":[{"id":3736,"href":"https:\/\/collegelucieaubrac.blogs.laclasse.com\/index.php?rest_route=\/wp\/v2\/pages\/2205\/revisions\/3736"}],"up":[{"embeddable":true,"href":"https:\/\/collegelucieaubrac.blogs.laclasse.com\/index.php?rest_route=\/wp\/v2\/pages\/2203"}],"wp:attachment":[{"href":"https:\/\/collegelucieaubrac.blogs.laclasse.com\/index.php?rest_route=%2Fwp%2Fv2%2Fmedia&parent=2205"}],"curies":[{"name":"wp","href":"https:\/\/api.w.org\/{rel}","templated":true}]}}