{"id":2211,"date":"2017-01-02T23:53:10","date_gmt":"2017-01-02T21:53:10","guid":{"rendered":"https:\/\/collegelucieaubrac.blogs.laclasse.com\/?page_id=2211"},"modified":"2024-03-07T18:43:35","modified_gmt":"2024-03-07T16:43:35","slug":"actions-ecologiques","status":"publish","type":"page","link":"https:\/\/collegelucieaubrac.blogs.laclasse.com\/?page_id=2211","title":{"rendered":"Citoyennet\u00e9"},"content":{"rendered":"<h1 class=\"western\"><span style=\"color: #0000ff\"><span style=\"font-size: x-large\">Projet Bien Vivre Ensemble (E. Bruyas, S. Julien-Lambrot, A. Mestrallet)<\/span><\/span><\/h1>\n<p style=\"text-align: justify\"><span style=\"color: #3366ff\"><span style=\"font-weight: 400\">Une \u00e9quipe du coll\u00e8ge travaille depuis plusieurs mois sur un projet d&#8217;ampleur sur le Bien Vivre Ensemble. Dans ce cadre, une dizaine d&#8217;\u00e9l\u00e8ves ont pu participer \u00e0 un atelier sur la prise de parole et la gestion des \u00e9motions, anim\u00e9 par Armelle Bestille de l&#8217;association &#8220;Bulles de bonheur en famille&#8221;, tous les jeudis de 13h \u00e0 14h. Une nouvelle session avec de nouveaux \u00e9l\u00e8ves commence en mars !<br \/>\nPar ailleurs, l&#8217;association FACE Grand Lyon a propos\u00e9 un atelier sur les discriminations aux \u00e9l\u00e8ves de quatre classes de 5e en f\u00e9vrier. Ils ont pu s&#8217;interroger et s&#8217;exprimer sur des th\u00e8mes comme le racisme, le sexisme, et le vivre ensemble.<\/span><\/span><\/p>\n<p><a href=\"https:\/\/collegelucieaubrac.blogs.laclasse.com\/wp-content\/uploads\/sites\/1279\/2024\/03\/FACE2.jpg\"><img loading=\"lazy\" decoding=\"async\" class=\" wp-image-4227 aligncenter\" src=\"https:\/\/collegelucieaubrac.blogs.laclasse.com\/wp-content\/uploads\/sites\/1279\/2024\/03\/FACE2.jpg\" alt=\"\" width=\"397\" height=\"527\"\/><\/a> <a href=\"https:\/\/collegelucieaubrac.blogs.laclasse.com\/wp-content\/uploads\/sites\/1279\/2024\/03\/FACE1.jpg\"><img loading=\"lazy\" decoding=\"async\" class=\"wp-image-4228 aligncenter\" src=\"https:\/\/collegelucieaubrac.blogs.laclasse.com\/wp-content\/uploads\/sites\/1279\/2024\/03\/FACE1.jpg\" alt=\"\" width=\"410\" height=\"543\"\/><\/a><\/p>\n","protected":false},"excerpt":{"rendered":"<p>Projet Bien Vivre Ensemble (E. Bruyas, S. Julien-Lambrot, A. Mestrallet) Une \u00e9quipe du coll\u00e8ge travaille depuis plusieurs mois sur un projet d&#8217;ampleur sur le Bien Vivre Ensemble. Dans ce cadre, une dizaine d&#8217;\u00e9l\u00e8ves ont pu participer \u00e0 un atelier sur <a class=\"more-link\" href=\"https:\/\/collegelucieaubrac.blogs.laclasse.com\/?page_id=2211\">Continuer la lecture <span class=\"screen-reader-text\">  Citoyennet\u00e9<\/span><span class=\"meta-nav\">&rarr;<\/span><\/a><\/p>\n","protected":false},"author":34472,"featured_media":0,"parent":2203,"menu_order":0,"comment_status":"closed","ping_status":"closed","template":"","meta":{"ngg_post_thumbnail":0,"footnotes":""},"class_list":["post-2211","page","type-page","status-publish","hentry"],"_links":{"self":[{"href":"https:\/\/collegelucieaubrac.blogs.laclasse.com\/index.php?rest_route=\/wp\/v2\/pages\/2211","targetHints":{"allow":["GET"]}}],"collection":[{"href":"https:\/\/collegelucieaubrac.blogs.laclasse.com\/index.php?rest_route=\/wp\/v2\/pages"}],"about":[{"href":"https:\/\/collegelucieaubrac.blogs.laclasse.com\/index.php?rest_route=\/wp\/v2\/types\/page"}],"author":[{"embeddable":true,"href":"https:\/\/collegelucieaubrac.blogs.laclasse.com\/index.php?rest_route=\/wp\/v2\/users\/34472"}],"replies":[{"embeddable":true,"href":"https:\/\/collegelucieaubrac.blogs.laclasse.com\/index.php?rest_route=%2Fwp%2Fv2%2Fcomments&post=2211"}],"version-history":[{"count":5,"href":"https:\/\/collegelucieaubrac.blogs.laclasse.com\/index.php?rest_route=\/wp\/v2\/pages\/2211\/revisions"}],"predecessor-version":[{"id":4230,"href":"https:\/\/collegelucieaubrac.blogs.laclasse.com\/index.php?rest_route=\/wp\/v2\/pages\/2211\/revisions\/4230"}],"up":[{"embeddable":true,"href":"https:\/\/collegelucieaubrac.blogs.laclasse.com\/index.php?rest_route=\/wp\/v2\/pages\/2203"}],"wp:attachment":[{"href":"https:\/\/collegelucieaubrac.blogs.laclasse.com\/index.php?rest_route=%2Fwp%2Fv2%2Fmedia&parent=2211"}],"curies":[{"name":"wp","href":"https:\/\/api.w.org\/{rel}","templated":true}]}}