{"id":2228,"date":"2017-01-03T00:01:55","date_gmt":"2017-01-02T22:01:55","guid":{"rendered":"https:\/\/collegelucieaubrac.blogs.laclasse.com\/?page_id=2228"},"modified":"2017-01-03T00:05:01","modified_gmt":"2017-01-02T22:05:01","slug":"parcours-avenir","status":"publish","type":"page","link":"https:\/\/collegelucieaubrac.blogs.laclasse.com\/?page_id=2228","title":{"rendered":"Parcours avenir"},"content":{"rendered":"<p><strong><a href=\"https:\/\/collegelucieaubrac.blogs.laclasse.com\/?page_id=2236\">L&#8217;entr\u00e9e en 6\u00e8me<\/a><\/strong><\/p>\n<p><strong><a href=\"https:\/\/collegelucieaubrac.blogs.laclasse.com\/?page_id=2234\">Journ\u00e9e immersion CM2<\/a><\/strong><\/p>\n<p><strong><a href=\"https:\/\/collegelucieaubrac.blogs.laclasse.com\/?page_id=2232\">Post 3\u00e8me<\/a><\/strong><\/p>\n<p><strong><a href=\"https:\/\/collegelucieaubrac.blogs.laclasse.com\/?page_id=2230\">Forum<\/a><\/strong><\/p>\n","protected":false},"excerpt":{"rendered":"<p>L&#8217;entr\u00e9e en 6\u00e8me Journ\u00e9e immersion CM2 Post 3\u00e8me Forum<\/p>\n","protected":false},"author":34472,"featured_media":0,"parent":1954,"menu_order":0,"comment_status":"closed","ping_status":"closed","template":"","meta":{"ngg_post_thumbnail":0,"footnotes":""},"class_list":["post-2228","page","type-page","status-publish","hentry"],"_links":{"self":[{"href":"https:\/\/collegelucieaubrac.blogs.laclasse.com\/index.php?rest_route=\/wp\/v2\/pages\/2228","targetHints":{"allow":["GET"]}}],"collection":[{"href":"https:\/\/collegelucieaubrac.blogs.laclasse.com\/index.php?rest_route=\/wp\/v2\/pages"}],"about":[{"href":"https:\/\/collegelucieaubrac.blogs.laclasse.com\/index.php?rest_route=\/wp\/v2\/types\/page"}],"author":[{"embeddable":true,"href":"https:\/\/collegelucieaubrac.blogs.laclasse.com\/index.php?rest_route=\/wp\/v2\/users\/34472"}],"replies":[{"embeddable":true,"href":"https:\/\/collegelucieaubrac.blogs.laclasse.com\/index.php?rest_route=%2Fwp%2Fv2%2Fcomments&post=2228"}],"version-history":[{"count":3,"href":"https:\/\/collegelucieaubrac.blogs.laclasse.com\/index.php?rest_route=\/wp\/v2\/pages\/2228\/revisions"}],"predecessor-version":[{"id":2239,"href":"https:\/\/collegelucieaubrac.blogs.laclasse.com\/index.php?rest_route=\/wp\/v2\/pages\/2228\/revisions\/2239"}],"up":[{"embeddable":true,"href":"https:\/\/collegelucieaubrac.blogs.laclasse.com\/index.php?rest_route=\/wp\/v2\/pages\/1954"}],"wp:attachment":[{"href":"https:\/\/collegelucieaubrac.blogs.laclasse.com\/index.php?rest_route=%2Fwp%2Fv2%2Fmedia&parent=2228"}],"curies":[{"name":"wp","href":"https:\/\/api.w.org\/{rel}","templated":true}]}}