{"id":2236,"date":"2017-01-03T00:03:13","date_gmt":"2017-01-02T22:03:13","guid":{"rendered":"https:\/\/collegelucieaubrac.blogs.laclasse.com\/?page_id=2236"},"modified":"2019-12-02T19:17:22","modified_gmt":"2019-12-02T17:17:22","slug":"lentree-en-6eme","status":"publish","type":"page","link":"https:\/\/collegelucieaubrac.blogs.laclasse.com\/?page_id=2236","title":{"rendered":"L&#8217;entr\u00e9e en 6\u00e8me"},"content":{"rendered":"<p>Le 25 septembre 2019&nbsp; a eu lieu une journ\u00e9e du sport scolaire qui avait pour objectifs de permettre aux \u00e9l\u00e8ves de d\u00e9couvrir les bienfaits du sport, de pratiquer les activit\u00e9s de l&#8217;association sportive ainsi que son fonctionnement au coll\u00e8ge et de partager un moment convivial avec sa classe. Tout ceci doit favoriser une int\u00e9gration p\u00e9renne des nouveaux arrivants. Une matin\u00e9e qui a \u00e9t\u00e9 tr\u00e8s r\u00e9ussie gr\u00e2ce l&#8217;engagement de ensemble des acteurs du coll\u00e8ge.<\/p>\n<p>&nbsp;<\/p>\n<p><a href=\"https:\/\/collegelucieaubrac.blogs.laclasse.com\/wp-content\/uploads\/sites\/1279\/2019\/12\/journee-6a.jpg\"><img loading=\"lazy\" decoding=\"async\" class=\"alignnone size-full wp-image-2846\" src=\"https:\/\/collegelucieaubrac.blogs.laclasse.com\/wp-content\/uploads\/sites\/1279\/2019\/12\/journee-6a.jpg\" alt=\"\" width=\"1146\" height=\"792\" srcset=\"https:\/\/collegelucieaubrac.blogs.laclasse.com\/wp-content\/uploads\/sites\/1279\/2019\/12\/journee-6a.jpg 1146w, https:\/\/collegelucieaubrac.blogs.laclasse.com\/wp-content\/uploads\/sites\/1279\/2019\/12\/journee-6a-300x207.jpg 300w, https:\/\/collegelucieaubrac.blogs.laclasse.com\/wp-content\/uploads\/sites\/1279\/2019\/12\/journee-6a-1024x708.jpg 1024w, https:\/\/collegelucieaubrac.blogs.laclasse.com\/wp-content\/uploads\/sites\/1279\/2019\/12\/journee-6a-768x531.jpg 768w\" sizes=\"auto, (max-width: 1146px) 100vw, 1146px\" \/><\/a><\/p>\n<p><a href=\"https:\/\/collegelucieaubrac.blogs.laclasse.com\/wp-content\/uploads\/sites\/1279\/2019\/12\/journee-6d.jpg\"><img loading=\"lazy\" decoding=\"async\" class=\"alignnone size-full wp-image-2843\" src=\"https:\/\/collegelucieaubrac.blogs.laclasse.com\/wp-content\/uploads\/sites\/1279\/2019\/12\/journee-6d.jpg\" alt=\"\" width=\"1125\" height=\"802\" srcset=\"https:\/\/collegelucieaubrac.blogs.laclasse.com\/wp-content\/uploads\/sites\/1279\/2019\/12\/journee-6d.jpg 1125w, https:\/\/collegelucieaubrac.blogs.laclasse.com\/wp-content\/uploads\/sites\/1279\/2019\/12\/journee-6d-300x214.jpg 300w, https:\/\/collegelucieaubrac.blogs.laclasse.com\/wp-content\/uploads\/sites\/1279\/2019\/12\/journee-6d-1024x730.jpg 1024w, https:\/\/collegelucieaubrac.blogs.laclasse.com\/wp-content\/uploads\/sites\/1279\/2019\/12\/journee-6d-768x547.jpg 768w\" sizes=\"auto, (max-width: 1125px) 100vw, 1125px\" \/><\/a> <a href=\"https:\/\/collegelucieaubrac.blogs.laclasse.com\/wp-content\/uploads\/sites\/1279\/2019\/12\/journee-6c.jpg\"><img loading=\"lazy\" decoding=\"async\" class=\"alignnone size-full wp-image-2844\" src=\"https:\/\/collegelucieaubrac.blogs.laclasse.com\/wp-content\/uploads\/sites\/1279\/2019\/12\/journee-6c.jpg\" alt=\"\" width=\"1152\" height=\"785\" srcset=\"https:\/\/collegelucieaubrac.blogs.laclasse.com\/wp-content\/uploads\/sites\/1279\/2019\/12\/journee-6c.jpg 1152w, https:\/\/collegelucieaubrac.blogs.laclasse.com\/wp-content\/uploads\/sites\/1279\/2019\/12\/journee-6c-300x204.jpg 300w, https:\/\/collegelucieaubrac.blogs.laclasse.com\/wp-content\/uploads\/sites\/1279\/2019\/12\/journee-6c-1024x698.jpg 1024w, https:\/\/collegelucieaubrac.blogs.laclasse.com\/wp-content\/uploads\/sites\/1279\/2019\/12\/journee-6c-768x523.jpg 768w\" sizes=\"auto, (max-width: 1152px) 100vw, 1152px\" \/><\/a> <a href=\"https:\/\/collegelucieaubrac.blogs.laclasse.com\/wp-content\/uploads\/sites\/1279\/2019\/12\/journee-6b.jpg\"><img loading=\"lazy\" decoding=\"async\" class=\"alignnone size-full wp-image-2845\" src=\"https:\/\/collegelucieaubrac.blogs.laclasse.com\/wp-content\/uploads\/sites\/1279\/2019\/12\/journee-6b.jpg\" alt=\"\" width=\"1160\" height=\"777\" srcset=\"https:\/\/collegelucieaubrac.blogs.laclasse.com\/wp-content\/uploads\/sites\/1279\/2019\/12\/journee-6b.jpg 1160w, https:\/\/collegelucieaubrac.blogs.laclasse.com\/wp-content\/uploads\/sites\/1279\/2019\/12\/journee-6b-300x201.jpg 300w, https:\/\/collegelucieaubrac.blogs.laclasse.com\/wp-content\/uploads\/sites\/1279\/2019\/12\/journee-6b-1024x686.jpg 1024w, https:\/\/collegelucieaubrac.blogs.laclasse.com\/wp-content\/uploads\/sites\/1279\/2019\/12\/journee-6b-768x514.jpg 768w\" sizes=\"auto, (max-width: 1160px) 100vw, 1160px\" \/><\/a><\/p>\n<p>&nbsp;<\/p>\n<p><strong>Guess who ?<\/strong><\/p>\n<p>En pr\u00e9vision de la visite du coll\u00e8ge par les classes de CM2, les \u00e9l\u00e8ves de 6\u00b03 et 6\u00b04 de Mme Amat ont pr\u00e9par\u00e9 une pr\u00e9sentation en anglais sous plusieurs formes&nbsp;:<\/p>\n<p><strong>My school VIP\u2019s<\/strong><br \/>\nAfin de familiariser les futurs sixi\u00e8mes avec leur nouvel environnement, les \u00e9l\u00e8ves ont cr\u00e9\u00e9 un jeu de \u2018Guess who&nbsp;?\u2019 (Qui est-ce&nbsp;?) en faisant le portrait des personnels du coll\u00e8ge (enseignants, administratifs, vie scolaire, direction \u2026)<br \/>\nLes cartes en couleur de My school VIP\u2019s sont visibles, expos\u00e9es aux murs du CDI, et \u00e9galement disponibles en noir et blanc sous forme de jeu de cartes.<\/p>\n<p><strong>My new school<\/strong><br \/>\nApr\u00e8s la pr\u00e9sentation des personnels du coll\u00e8ge sous forme papier, les \u00e9l\u00e8ves ont r\u00e9alis\u00e9, par groupes de quatre, des animations film\u00e9es sous la forme de \u2018simple show\u2019.<br \/>\nCes animations pr\u00e9sentent le coll\u00e8ge, les mati\u00e8res, les enseignants, l\u2019emploi du temps, les r\u00e8gles de l\u2019\u00e9tablissement et donnent quelques conseils aux futurs coll\u00e9giens pour bien commencer l\u2019ann\u00e9e \u00e0 Lucie Aubrac. Elles sont visibles sur les postes du CDI.<\/p>\n<p><a href=\"https:\/\/collegelucieaubrac.blogs.laclasse.com\/wp-content\/uploads\/sites\/1279\/2019\/05\/guess-who2.jpg\"><img loading=\"lazy\" decoding=\"async\" class=\"alignnone size-full wp-image-2577\" src=\"https:\/\/collegelucieaubrac.blogs.laclasse.com\/wp-content\/uploads\/sites\/1279\/2019\/05\/guess-who2.jpg\" alt=\"\" width=\"857\" height=\"406\" srcset=\"https:\/\/collegelucieaubrac.blogs.laclasse.com\/wp-content\/uploads\/sites\/1279\/2019\/05\/guess-who2.jpg 857w, https:\/\/collegelucieaubrac.blogs.laclasse.com\/wp-content\/uploads\/sites\/1279\/2019\/05\/guess-who2-300x142.jpg 300w, https:\/\/collegelucieaubrac.blogs.laclasse.com\/wp-content\/uploads\/sites\/1279\/2019\/05\/guess-who2-768x364.jpg 768w\" sizes=\"auto, (max-width: 857px) 100vw, 857px\" \/><\/a><\/p>\n","protected":false},"excerpt":{"rendered":"<p>Le 25 septembre 2019&nbsp; a eu lieu une journ\u00e9e du sport scolaire qui avait pour objectifs de permettre aux \u00e9l\u00e8ves de d\u00e9couvrir les bienfaits du sport, de pratiquer les activit\u00e9s de l&#8217;association sportive ainsi que son fonctionnement au coll\u00e8ge et <a class=\"more-link\" href=\"https:\/\/collegelucieaubrac.blogs.laclasse.com\/?page_id=2236\">Continuer la lecture <span class=\"screen-reader-text\">  L&#8217;entr\u00e9e en 6\u00e8me<\/span><span class=\"meta-nav\">&rarr;<\/span><\/a><\/p>\n","protected":false},"author":34472,"featured_media":0,"parent":2228,"menu_order":0,"comment_status":"closed","ping_status":"closed","template":"","meta":{"ngg_post_thumbnail":0,"footnotes":""},"class_list":["post-2236","page","type-page","status-publish","hentry"],"_links":{"self":[{"href":"https:\/\/collegelucieaubrac.blogs.laclasse.com\/index.php?rest_route=\/wp\/v2\/pages\/2236","targetHints":{"allow":["GET"]}}],"collection":[{"href":"https:\/\/collegelucieaubrac.blogs.laclasse.com\/index.php?rest_route=\/wp\/v2\/pages"}],"about":[{"href":"https:\/\/collegelucieaubrac.blogs.laclasse.com\/index.php?rest_route=\/wp\/v2\/types\/page"}],"author":[{"embeddable":true,"href":"https:\/\/collegelucieaubrac.blogs.laclasse.com\/index.php?rest_route=\/wp\/v2\/users\/34472"}],"replies":[{"embeddable":true,"href":"https:\/\/collegelucieaubrac.blogs.laclasse.com\/index.php?rest_route=%2Fwp%2Fv2%2Fcomments&post=2236"}],"version-history":[{"count":7,"href":"https:\/\/collegelucieaubrac.blogs.laclasse.com\/index.php?rest_route=\/wp\/v2\/pages\/2236\/revisions"}],"predecessor-version":[{"id":2847,"href":"https:\/\/collegelucieaubrac.blogs.laclasse.com\/index.php?rest_route=\/wp\/v2\/pages\/2236\/revisions\/2847"}],"up":[{"embeddable":true,"href":"https:\/\/collegelucieaubrac.blogs.laclasse.com\/index.php?rest_route=\/wp\/v2\/pages\/2228"}],"wp:attachment":[{"href":"https:\/\/collegelucieaubrac.blogs.laclasse.com\/index.php?rest_route=%2Fwp%2Fv2%2Fmedia&parent=2236"}],"curies":[{"name":"wp","href":"https:\/\/api.w.org\/{rel}","templated":true}]}}