{"id":2307,"date":"2017-01-27T16:33:51","date_gmt":"2017-01-27T14:33:51","guid":{"rendered":"https:\/\/collegelucieaubrac.blogs.laclasse.com\/?page_id=2307"},"modified":"2019-10-31T23:14:31","modified_gmt":"2019-10-31T21:14:31","slug":"presentation","status":"publish","type":"page","link":"https:\/\/collegelucieaubrac.blogs.laclasse.com\/?page_id=2307","title":{"rendered":"Pr\u00e9sentation"},"content":{"rendered":"<h1 style=\"text-align: center\"><strong>Lucie Aubrac 1912-2007<\/strong><\/h1>\n<p><img loading=\"lazy\" decoding=\"async\" class=\"irc_mi\" src=\"https:\/\/www.1jour1actu.com\/wp-content\/uploads\/01-lucieAubrac-970x647.jpg\" alt=\"R\u00e9sultat de recherche d'images pour &quot;image lucie aubrac&quot;\" width=\"310\" height=\"207\"\/><a href=\"https:\/\/collegelucieaubrac.blogs.laclasse.com\/wp-content\/uploads\/sites\/1279\/2019\/10\/CB65F901-2B3F-4731-BE7F-39D9BDD85C2B_4_5005_c.jpeg\"><img loading=\"lazy\" decoding=\"async\" class=\"alignnone size-medium wp-image-2722\" src=\"https:\/\/collegelucieaubrac.blogs.laclasse.com\/wp-content\/uploads\/sites\/1279\/2019\/10\/CB65F901-2B3F-4731-BE7F-39D9BDD85C2B_4_5005_c-213x300.jpeg\" alt=\"\" width=\"213\" height=\"300\" srcset=\"https:\/\/collegelucieaubrac.blogs.laclasse.com\/wp-content\/uploads\/sites\/1279\/2019\/10\/CB65F901-2B3F-4731-BE7F-39D9BDD85C2B_4_5005_c-213x300.jpeg 213w, https:\/\/collegelucieaubrac.blogs.laclasse.com\/wp-content\/uploads\/sites\/1279\/2019\/10\/CB65F901-2B3F-4731-BE7F-39D9BDD85C2B_4_5005_c.jpeg 360w\" sizes=\"auto, (max-width: 213px) 100vw, 213px\" \/><\/a><\/p>\n<p><a href=\"https:\/\/education.francetv.fr\/matiere\/histoire\/ce1\/video\/c-est-qui-lucie-aubrac\">https:\/\/education.francetv.fr\/matiere\/histoire\/ce1\/video\/c-est-qui-lucie-aubrac<\/a><\/p>\n<p>N\u00e9e le 29 juin 1912, Lucie Bernard a 17 ans lorsqu&#8217;elle r\u00e9ussit le concours d&#8217;entr\u00e9e \u00e0 l&#8217;\u00c9cole normale d&#8217;institutrices du boulevard des Batignolles \u00e0 Paris. D\u00e9j\u00e0 d&#8217;un caract\u00e8re bien tremp\u00e9, elle refuse l&#8217;uniforme de l&#8217;internat et d\u00e9cide de s&#8217;installer \u00e0 Paris o\u00f9 elle vit de petits boulots.<\/p>\n<p>Tr\u00e8s vite elle prend conscience de la mont\u00e9e des fascismes en Europe et rapidement elle adh\u00e8re aux Jeunesses communistes. En 1936, elle se rend \u00e0 Berlin \u00e0 l&#8217;occasion des Jeux olympiques et d\u00e9couvre la r\u00e9alit\u00e9 du nazisme.<\/p>\n<p>Tout en militant activement, elle entreprend alors des \u00e9tudes d&#8217;histoire et, en 1938, elle est re\u00e7ue \u00e0 l&#8217;agr\u00e9gation d&#8217;histoire g\u00e9ographie.<\/p>\n<p>Lorsque la guerre \u00e9clate, elle est en poste \u00e0 Strasbourg o\u00f9 elle fait la rencontre de Raymond Samuel, ing\u00e9nieur des Ponts et Chauss\u00e9es, mobilis\u00e9 comme officier du g\u00e9nie. Ils se marient le 14 d\u00e9cembre 1939.<\/p>\n<p>Fin juin 1940, Raymond est fait prisonnier par l&#8217;arm\u00e9e allemande. Alors qu&#8217;il est d\u00e9tenu \u00e0 Sarrebourg, Lucie parvient \u00e0 le faire \u00e9vader, fin ao\u00fbt 1940, profitant de la confusion g\u00e9n\u00e9rale.<\/p>\n<p>\u00c0 partir de 1941, le couple Aubrac s&#8217;installe \u00e0 Lyon. Raymond exerce son m\u00e9tier d&#8217;ing\u00e9nieur tandis que Lucie est nomm\u00e9e professeur au lyc\u00e9e de jeunes filles Edgar Quinet.<\/p>\n<p>Le 21 juin 1943, c&#8217;est l&#8217;arrestation \u00e0 Caluire de Jean Moulin et de plusieurs responsables de la R\u00e9sistance, dont Raymond Aubrac. Incarc\u00e9r\u00e9s au fort Montluc, ils sont interrog\u00e9s sous la torture par Klaus Barbie au si\u00e8ge de la <em>Gestapo<\/em>lyonnaise. Lucie, monte un coup de main audacieux. Le 21 octobre 1943, les armes \u00e0 la main, elle m\u00e8ne l&#8217;attaque de la camionnette de la <em>Gestapo<\/em>et lib\u00e8re Raymond Aubrac et une dizaine d&#8217;autres r\u00e9sistants.<\/p>\n<p>D\u00e9sormais identifi\u00e9 et recherch\u00e9 par toutes les polices allemandes et vichystes, le couple prend un avion qui les&nbsp; emporte finalement \u00e0 Londres\u2026<\/p>\n<p>\u00c0 la retraite Lucie Aubrac, infatigable, s&#8217;emploie, notamment par d&#8217;innombrables conf\u00e9rences dans les \u00e9tablissements scolaires \u00e0 travers toute la France, \u00e0 communiquer aux nouvelles g\u00e9n\u00e9rations le sens des valeurs de solidarit\u00e9, de fraternit\u00e9 et de justice qui firent la grandeur du combat de la R\u00e9sistance.<\/p>\n<p>Lucie Aubrac s&#8217;est \u00e9teinte le mercredi 14 mars 2007. Les honneurs militaires lui ont \u00e9t\u00e9 rendus dans la cour d&#8217;honneur de l&#8217;H\u00f4tel national des Invalides. Devant Raymond Aubrac, ses trois enfants, ses dix-huit petits enfants, de nombreux r\u00e9sistants et la foule nombreuse de ses amis, le pr\u00e9sident de la R\u00e9publique Jacques Chirac a prononc\u00e9 son \u00e9loge fun\u00e8bre. <em>\u00ab&nbsp;Lucie Aubrac, nous n&#8217;oublierons pas votre message&nbsp;\u00bb<\/em>a dit le chef de l&#8217;Etat rappelant que <em>\u00ab&nbsp;la coh\u00e9sion nationale est un combat de tous les jours&nbsp;\u00bb<\/em>et que nous devions <em>\u00abgarder vivante dans nos c\u0153urs la flamme des luttes de la R\u00e9publique pour la Libert\u00e9&nbsp;\u00bb.<\/em><\/p>\n<p><strong>D\u2019apr\u00e8s Frantz Malassis de la Fondation de la R\u00e9sistance<\/strong><\/p>\n<p><a href=\"http:\/\/www.fondationresistance.org\/\">http:\/\/www.fondationresistance.org<\/a><\/p>\n","protected":false},"excerpt":{"rendered":"<p>Lucie Aubrac 1912-2007 https:\/\/education.francetv.fr\/matiere\/histoire\/ce1\/video\/c-est-qui-lucie-aubrac N\u00e9e le 29 juin 1912, Lucie Bernard a 17 ans lorsqu&#8217;elle r\u00e9ussit le concours d&#8217;entr\u00e9e \u00e0 l&#8217;\u00c9cole normale d&#8217;institutrices du boulevard des Batignolles \u00e0 Paris. D\u00e9j\u00e0 d&#8217;un caract\u00e8re bien tremp\u00e9, elle refuse l&#8217;uniforme de l&#8217;internat et <a class=\"more-link\" href=\"https:\/\/collegelucieaubrac.blogs.laclasse.com\/?page_id=2307\">Continuer la lecture <span class=\"screen-reader-text\">  Pr\u00e9sentation<\/span><span class=\"meta-nav\">&rarr;<\/span><\/a><\/p>\n","protected":false},"author":34472,"featured_media":2501,"parent":1962,"menu_order":0,"comment_status":"closed","ping_status":"closed","template":"","meta":{"ngg_post_thumbnail":0,"footnotes":""},"class_list":["post-2307","page","type-page","status-publish","has-post-thumbnail","hentry"],"_links":{"self":[{"href":"https:\/\/collegelucieaubrac.blogs.laclasse.com\/index.php?rest_route=\/wp\/v2\/pages\/2307","targetHints":{"allow":["GET"]}}],"collection":[{"href":"https:\/\/collegelucieaubrac.blogs.laclasse.com\/index.php?rest_route=\/wp\/v2\/pages"}],"about":[{"href":"https:\/\/collegelucieaubrac.blogs.laclasse.com\/index.php?rest_route=\/wp\/v2\/types\/page"}],"author":[{"embeddable":true,"href":"https:\/\/collegelucieaubrac.blogs.laclasse.com\/index.php?rest_route=\/wp\/v2\/users\/34472"}],"replies":[{"embeddable":true,"href":"https:\/\/collegelucieaubrac.blogs.laclasse.com\/index.php?rest_route=%2Fwp%2Fv2%2Fcomments&post=2307"}],"version-history":[{"count":6,"href":"https:\/\/collegelucieaubrac.blogs.laclasse.com\/index.php?rest_route=\/wp\/v2\/pages\/2307\/revisions"}],"predecessor-version":[{"id":2790,"href":"https:\/\/collegelucieaubrac.blogs.laclasse.com\/index.php?rest_route=\/wp\/v2\/pages\/2307\/revisions\/2790"}],"up":[{"embeddable":true,"href":"https:\/\/collegelucieaubrac.blogs.laclasse.com\/index.php?rest_route=\/wp\/v2\/pages\/1962"}],"wp:featuredmedia":[{"embeddable":true,"href":"https:\/\/collegelucieaubrac.blogs.laclasse.com\/index.php?rest_route=\/wp\/v2\/media\/2501"}],"wp:attachment":[{"href":"https:\/\/collegelucieaubrac.blogs.laclasse.com\/index.php?rest_route=%2Fwp%2Fv2%2Fmedia&parent=2307"}],"curies":[{"name":"wp","href":"https:\/\/api.w.org\/{rel}","templated":true}]}}