{"id":2323,"date":"2017-01-27T16:49:51","date_gmt":"2017-01-27T14:49:51","guid":{"rendered":"https:\/\/collegelucieaubrac.blogs.laclasse.com\/?page_id=2323"},"modified":"2021-11-30T10:51:28","modified_gmt":"2021-11-30T08:51:28","slug":"foyer","status":"publish","type":"page","link":"https:\/\/collegelucieaubrac.blogs.laclasse.com\/?page_id=2323","title":{"rendered":"Foyer  F.S.E du coll\u00e8ge"},"content":{"rendered":"<h2><span style=\"color: #008000\"><strong> Le Foyer est g\u00e9r\u00e9 par le F.S.E du coll\u00e8ge, le Foyer-Socio-Educatif&#8230;<\/strong><\/span><\/h2>\n<h4>Cette ann\u00e9e le foyer des \u00e9l\u00e8ves se refait une beaut\u00e9.<\/h4>\n<h4>Joffrey S\u00e9n\u00e9chal, artiste de la soci\u00e9t\u00e9 Aske mural art, a r\u00e9alis\u00e9 avec les \u00e9l\u00e8ves 2 fresques qui ornent d\u00e9sormais le foyer.<\/h4>\n<p><a href=\"https:\/\/collegelucieaubrac.blogs.laclasse.com\/wp-content\/uploads\/sites\/1279\/2020\/08\/fresque-foyer-scaled.jpg\"><img loading=\"lazy\" decoding=\"async\" class=\"alignnone size-medium wp-image-3319\" src=\"https:\/\/collegelucieaubrac.blogs.laclasse.com\/wp-content\/uploads\/sites\/1279\/2020\/08\/fresque-foyer-300x136.jpg\" alt=\"\" width=\"300\" height=\"136\" srcset=\"https:\/\/collegelucieaubrac.blogs.laclasse.com\/wp-content\/uploads\/sites\/1279\/2020\/08\/fresque-foyer-300x136.jpg 300w, https:\/\/collegelucieaubrac.blogs.laclasse.com\/wp-content\/uploads\/sites\/1279\/2020\/08\/fresque-foyer-1024x464.jpg 1024w, https:\/\/collegelucieaubrac.blogs.laclasse.com\/wp-content\/uploads\/sites\/1279\/2020\/08\/fresque-foyer-768x348.jpg 768w, https:\/\/collegelucieaubrac.blogs.laclasse.com\/wp-content\/uploads\/sites\/1279\/2020\/08\/fresque-foyer-1536x696.jpg 1536w, https:\/\/collegelucieaubrac.blogs.laclasse.com\/wp-content\/uploads\/sites\/1279\/2020\/08\/fresque-foyer-2048x928.jpg 2048w\" sizes=\"auto, (max-width: 300px) 100vw, 300px\" \/><\/a> &nbsp; &nbsp; &nbsp; &nbsp; &nbsp;<a href=\"https:\/\/collegelucieaubrac.blogs.laclasse.com\/wp-content\/uploads\/sites\/1279\/2020\/08\/fresque-foyer-simson-scaled.jpg\"><img loading=\"lazy\" decoding=\"async\" class=\"alignnone wp-image-3321\" src=\"https:\/\/collegelucieaubrac.blogs.laclasse.com\/wp-content\/uploads\/sites\/1279\/2020\/08\/fresque-foyer-simson-204x300.jpg\" alt=\"\" width=\"175\" height=\"251\"\/><\/a><\/p>\n<h2><span style=\"color: #ff6600\">Un grand merci \u00e0 la mairie de Givors qui a financ\u00e9 ce projet. <a style=\"color: #ff6600\" href=\"https:\/\/collegelucieaubrac.blogs.laclasse.com\/wp-content\/uploads\/sites\/1279\/2020\/08\/logo-aske-mural-art.png\"><img loading=\"lazy\" decoding=\"async\" class=\"alignnone wp-image-3316\" src=\"https:\/\/collegelucieaubrac.blogs.laclasse.com\/wp-content\/uploads\/sites\/1279\/2020\/08\/logo-aske-mural-art-300x206.png\" alt=\"\" width=\"90\" height=\"64\"\/><\/a> <a style=\"color: #ff6600\" href=\"https:\/\/collegelucieaubrac.blogs.laclasse.com\/wp-content\/uploads\/sites\/1279\/2020\/08\/logo-givors.png\"><img loading=\"lazy\" decoding=\"async\" class=\"alignnone wp-image-3317\" src=\"https:\/\/collegelucieaubrac.blogs.laclasse.com\/wp-content\/uploads\/sites\/1279\/2020\/08\/logo-givors-300x113.png\" alt=\"\" width=\"165\" height=\"67\"\/><\/a><\/span><\/h2>\n<h3 style=\"text-align: justify\"><span style=\"color: #ff6600\">A la rentr\u00e9e le foyer des \u00e9l\u00e8ves, qui est financ\u00e9 principalement par les adh\u00e9sions des \u00e9l\u00e8ves, fera l&#8217;acquisition d&#8217;un baby foot et le coll\u00e8ge a command\u00e9 du mobilier plus adapt\u00e9 \u00e0 la d\u00e9tente.<\/span><\/h3>\n<h3 style=\"text-align: justify\"><span style=\"color: #ff6600\">Adh\u00e9rez au foyer socio-\u00e9ducatif !!! L&#8217;adh\u00e9sion est de 10\u20ac par an, et de tels projets ne sont pas possibles sans votre participation.<\/span><\/h3>\n<h4>Pour \u00eatre membre et profiter des actions du FSE il faut adh\u00e9rer&#8230;.<\/h4>\n<h5><span style=\"color: #3366ff\"><strong>Le FSE participe aussi financi\u00e8rement aux sorties scolaire payantes<\/strong><\/span><\/h5>\n<h1>&nbsp;&nbsp;&nbsp;&nbsp;&nbsp;&nbsp;&nbsp;&nbsp;&nbsp;&nbsp;&nbsp;&nbsp;&nbsp;&nbsp;<\/h1>\n<h1><span style=\"color: #993300\">10 \u20ac pour une ann\u00e9e scolaire<\/span><\/h1>\n<h4>C&#8217;est le prix de l&#8217;esprit de coop\u00e9ration<\/h4>\n<h3><strong><span style=\"color: #ff0000\">ICI le document d\u2019inscription \u00e0 demander aux CPE, au secr\u00e9tariat&#8230;<\/span><\/strong><\/h3>\n\n<p><a title=\"Papeterie\" href=\"https:\/\/collegelucieaubrac.blogs.laclasse.com\/?page_id=3220\"><strong>Colis papeterie<\/strong><\/a><strong><a href=\"https:\/\/collegelucieaubrac.blogs.laclasse.com\/?page_id=3220\"><img loading=\"lazy\" decoding=\"async\" class=\"aligncenter wp-image-3215 size-full\" src=\"https:\/\/collegelucieaubrac.blogs.laclasse.com\/wp-content\/uploads\/sites\/1279\/2020\/06\/colis-papeterie.jpg\" alt=\"\" width=\"285\" height=\"177\"\/><\/a><\/strong><\/p>\n","protected":false},"excerpt":{"rendered":"<p>Le Foyer est g\u00e9r\u00e9 par le F.S.E du coll\u00e8ge, le Foyer-Socio-Educatif&#8230; Cette ann\u00e9e le foyer des \u00e9l\u00e8ves se refait une beaut\u00e9. Joffrey S\u00e9n\u00e9chal, artiste de la soci\u00e9t\u00e9 Aske mural art, a r\u00e9alis\u00e9 avec les \u00e9l\u00e8ves 2 fresques qui ornent d\u00e9sormais <a class=\"more-link\" href=\"https:\/\/collegelucieaubrac.blogs.laclasse.com\/?page_id=2323\">Continuer la lecture <span class=\"screen-reader-text\">  Foyer  F.S.E du coll\u00e8ge<\/span><span class=\"meta-nav\">&rarr;<\/span><\/a><\/p>\n","protected":false},"author":34472,"featured_media":0,"parent":1954,"menu_order":0,"comment_status":"closed","ping_status":"closed","template":"","meta":{"ngg_post_thumbnail":0,"footnotes":""},"class_list":["post-2323","page","type-page","status-publish","hentry"],"_links":{"self":[{"href":"https:\/\/collegelucieaubrac.blogs.laclasse.com\/index.php?rest_route=\/wp\/v2\/pages\/2323","targetHints":{"allow":["GET"]}}],"collection":[{"href":"https:\/\/collegelucieaubrac.blogs.laclasse.com\/index.php?rest_route=\/wp\/v2\/pages"}],"about":[{"href":"https:\/\/collegelucieaubrac.blogs.laclasse.com\/index.php?rest_route=\/wp\/v2\/types\/page"}],"author":[{"embeddable":true,"href":"https:\/\/collegelucieaubrac.blogs.laclasse.com\/index.php?rest_route=\/wp\/v2\/users\/34472"}],"replies":[{"embeddable":true,"href":"https:\/\/collegelucieaubrac.blogs.laclasse.com\/index.php?rest_route=%2Fwp%2Fv2%2Fcomments&post=2323"}],"version-history":[{"count":10,"href":"https:\/\/collegelucieaubrac.blogs.laclasse.com\/index.php?rest_route=\/wp\/v2\/pages\/2323\/revisions"}],"predecessor-version":[{"id":3735,"href":"https:\/\/collegelucieaubrac.blogs.laclasse.com\/index.php?rest_route=\/wp\/v2\/pages\/2323\/revisions\/3735"}],"up":[{"embeddable":true,"href":"https:\/\/collegelucieaubrac.blogs.laclasse.com\/index.php?rest_route=\/wp\/v2\/pages\/1954"}],"wp:attachment":[{"href":"https:\/\/collegelucieaubrac.blogs.laclasse.com\/index.php?rest_route=%2Fwp%2Fv2%2Fmedia&parent=2323"}],"curies":[{"name":"wp","href":"https:\/\/api.w.org\/{rel}","templated":true}]}}