{"id":2351,"date":"2017-01-27T18:09:16","date_gmt":"2017-01-27T16:09:16","guid":{"rendered":"https:\/\/collegelucieaubrac.blogs.laclasse.com\/?page_id=2351"},"modified":"2020-02-13T16:54:09","modified_gmt":"2020-02-13T14:54:09","slug":"suivi-de-la-scolarite","status":"publish","type":"page","link":"https:\/\/collegelucieaubrac.blogs.laclasse.com\/?page_id=2351","title":{"rendered":"Suivi de la scolarit\u00e9"},"content":{"rendered":"<p><a href=\"https:\/\/collegelucieaubrac.blogs.laclasse.com\/?page_id=2138\">Modalit\u00e9s d&#8217;\u00e9valuation<\/a><\/p>\n<p><a href=\"https:\/\/collegelucieaubrac.blogs.laclasse.com\/?page_id=2140\">Plans d&#8217;accompagnement<\/a><\/p>\n<p><a href=\"https:\/\/collegelucieaubrac.blogs.laclasse.com\/?page_id=2142\">T\u00e9l\u00e9services<\/a><\/p>\n<p><a href=\"https:\/\/collegelucieaubrac.blogs.laclasse.com\/?page_id=2144\">Examens et attestations<\/a><\/p>\n","protected":false},"excerpt":{"rendered":"<p>Modalit\u00e9s d&#8217;\u00e9valuation Plans d&#8217;accompagnement T\u00e9l\u00e9services Examens et attestations<\/p>\n","protected":false},"author":34472,"featured_media":0,"parent":0,"menu_order":3,"comment_status":"closed","ping_status":"closed","template":"","meta":{"ngg_post_thumbnail":0,"footnotes":""},"class_list":["post-2351","page","type-page","status-publish","hentry"],"_links":{"self":[{"href":"https:\/\/collegelucieaubrac.blogs.laclasse.com\/index.php?rest_route=\/wp\/v2\/pages\/2351","targetHints":{"allow":["GET"]}}],"collection":[{"href":"https:\/\/collegelucieaubrac.blogs.laclasse.com\/index.php?rest_route=\/wp\/v2\/pages"}],"about":[{"href":"https:\/\/collegelucieaubrac.blogs.laclasse.com\/index.php?rest_route=\/wp\/v2\/types\/page"}],"author":[{"embeddable":true,"href":"https:\/\/collegelucieaubrac.blogs.laclasse.com\/index.php?rest_route=\/wp\/v2\/users\/34472"}],"replies":[{"embeddable":true,"href":"https:\/\/collegelucieaubrac.blogs.laclasse.com\/index.php?rest_route=%2Fwp%2Fv2%2Fcomments&post=2351"}],"version-history":[{"count":4,"href":"https:\/\/collegelucieaubrac.blogs.laclasse.com\/index.php?rest_route=\/wp\/v2\/pages\/2351\/revisions"}],"predecessor-version":[{"id":3018,"href":"https:\/\/collegelucieaubrac.blogs.laclasse.com\/index.php?rest_route=\/wp\/v2\/pages\/2351\/revisions\/3018"}],"wp:attachment":[{"href":"https:\/\/collegelucieaubrac.blogs.laclasse.com\/index.php?rest_route=%2Fwp%2Fv2%2Fmedia&parent=2351"}],"curies":[{"name":"wp","href":"https:\/\/api.w.org\/{rel}","templated":true}]}}