{"id":2872,"date":"2019-12-19T19:02:21","date_gmt":"2019-12-19T17:02:21","guid":{"rendered":"https:\/\/collegelucieaubrac.blogs.laclasse.com\/?page_id=2872"},"modified":"2020-06-08T12:34:02","modified_gmt":"2020-06-08T10:34:02","slug":"sciences","status":"publish","type":"page","link":"https:\/\/collegelucieaubrac.blogs.laclasse.com\/?page_id=2872","title":{"rendered":"Sciences"},"content":{"rendered":"<ul>\n<li><strong><span style=\"color: #3366ff\"><a style=\"color: #3366ff\" href=\"http:\/\/apsciences.free.fr\">APSCIENCES<\/a><\/span>\n<p><\/strong><\/li>\n<li><span style=\"color: #3366ff\"><strong>Voici des productions d&#8217;\u00e9l\u00e8ves de 4\u00e8me en math\u00e9matiques concernant leur pays pr\u00e9f\u00e9r\u00e9<\/strong><\/span><\/li>\n<\/ul>\n\n","protected":false},"excerpt":{"rendered":"<p>APSCIENCES Voici des productions d&#8217;\u00e9l\u00e8ves de 4\u00e8me en math\u00e9matiques concernant leur pays pr\u00e9f\u00e9r\u00e9<\/p>\n","protected":false},"author":34472,"featured_media":0,"parent":0,"menu_order":6,"comment_status":"closed","ping_status":"closed","template":"","meta":{"ngg_post_thumbnail":0,"footnotes":""},"class_list":["post-2872","page","type-page","status-publish","hentry"],"_links":{"self":[{"href":"https:\/\/collegelucieaubrac.blogs.laclasse.com\/index.php?rest_route=\/wp\/v2\/pages\/2872","targetHints":{"allow":["GET"]}}],"collection":[{"href":"https:\/\/collegelucieaubrac.blogs.laclasse.com\/index.php?rest_route=\/wp\/v2\/pages"}],"about":[{"href":"https:\/\/collegelucieaubrac.blogs.laclasse.com\/index.php?rest_route=\/wp\/v2\/types\/page"}],"author":[{"embeddable":true,"href":"https:\/\/collegelucieaubrac.blogs.laclasse.com\/index.php?rest_route=\/wp\/v2\/users\/34472"}],"replies":[{"embeddable":true,"href":"https:\/\/collegelucieaubrac.blogs.laclasse.com\/index.php?rest_route=%2Fwp%2Fv2%2Fcomments&post=2872"}],"version-history":[{"count":6,"href":"https:\/\/collegelucieaubrac.blogs.laclasse.com\/index.php?rest_route=\/wp\/v2\/pages\/2872\/revisions"}],"predecessor-version":[{"id":3194,"href":"https:\/\/collegelucieaubrac.blogs.laclasse.com\/index.php?rest_route=\/wp\/v2\/pages\/2872\/revisions\/3194"}],"wp:attachment":[{"href":"https:\/\/collegelucieaubrac.blogs.laclasse.com\/index.php?rest_route=%2Fwp%2Fv2%2Fmedia&parent=2872"}],"curies":[{"name":"wp","href":"https:\/\/api.w.org\/{rel}","templated":true}]}}