{"id":2976,"date":"2020-02-10T13:55:16","date_gmt":"2020-02-10T11:55:16","guid":{"rendered":"https:\/\/collegelucieaubrac.blogs.laclasse.com\/?page_id=2976"},"modified":"2024-03-07T18:35:39","modified_gmt":"2024-03-07T16:35:39","slug":"sorties","status":"publish","type":"page","link":"https:\/\/collegelucieaubrac.blogs.laclasse.com\/?page_id=2976","title":{"rendered":"Sorties"},"content":{"rendered":"<div dir=\"auto\">\n<h1 class=\"western\"><span style=\"color: #0000ff\"><span style=\"font-size: x-large\">Projet &#8220;R\u00e9cits d&#8217;objets&#8221; (L. Moumen et A. Mestrallet)<\/span><\/span><\/h1>\n<p style=\"text-align: justify\"><span style=\"color: #3366ff\"><span style=\"font-weight: 400\">Depuis le d\u00e9but de l&#8217;ann\u00e9e, les \u00e9l\u00e8ves de 5e5 participent \u00e0 ce projet en lien avec le mus\u00e9e des confluences de Lyon. Lors d&#8217;un premi\u00e8re visite, ils ont choisi un objet de la collection du mus\u00e9e pour le ramener au coll\u00e8ge : un somptueux criquet de Madagascar !<br \/>\nDurant deux ateliers d&#8217;\u00e9criture, accompagn\u00e9s par des professionnels, ils ont d\u00e9crit et mis en sc\u00e8ne leur objet, pour former un recueil de textes qui sera pr\u00e9sent\u00e9 au mus\u00e9e des confluences lors de la prochaine Nuit des mus\u00e9es ! <\/span><\/span><span style=\"color: #3366ff\"><span style=\"font-weight: 400\">Un travail plastique avec Mme Moumen compl\u00e8te le projet.<br \/>\nProchaine \u00e9tape : une rencontre avec l&#8217;auteur Wilfred N&#8217;Sond\u00e9, qui s&#8217;est lui aussi pr\u00eat\u00e9 \u00e0 l&#8217;exercice, toujours au mus\u00e9e de confluences, le 14 mars prochain.<\/span><\/span><\/p>\n<p><a href=\"https:\/\/collegelucieaubrac.blogs.laclasse.com\/wp-content\/uploads\/sites\/1279\/2024\/03\/confluence.png\"><img loading=\"lazy\" decoding=\"async\" class=\"wp-image-4221 aligncenter\" src=\"https:\/\/collegelucieaubrac.blogs.laclasse.com\/wp-content\/uploads\/sites\/1279\/2024\/03\/confluence.png\" alt=\"\" width=\"352\" height=\"335\" srcset=\"https:\/\/collegelucieaubrac.blogs.laclasse.com\/wp-content\/uploads\/sites\/1279\/2024\/03\/confluence.png 659w, https:\/\/collegelucieaubrac.blogs.laclasse.com\/wp-content\/uploads\/sites\/1279\/2024\/03\/confluence-300x286.png 300w\" sizes=\"auto, (max-width: 352px) 100vw, 352px\" \/><\/a><a href=\"https:\/\/collegelucieaubrac.blogs.laclasse.com\/wp-content\/uploads\/sites\/1279\/2024\/03\/papillon.png\"><img loading=\"lazy\" decoding=\"async\" class=\"wp-image-4220 aligncenter\" src=\"https:\/\/collegelucieaubrac.blogs.laclasse.com\/wp-content\/uploads\/sites\/1279\/2024\/03\/papillon.png\" alt=\"\" width=\"415\" height=\"318\"\/><\/a><br \/>\n<a href=\"https:\/\/collegelucieaubrac.blogs.laclasse.com\/wp-content\/uploads\/sites\/1279\/2024\/03\/confluence-2.png\"><img loading=\"lazy\" decoding=\"async\" class=\" wp-image-4224 aligncenter\" src=\"https:\/\/collegelucieaubrac.blogs.laclasse.com\/wp-content\/uploads\/sites\/1279\/2024\/03\/confluence-2.png\" alt=\"\" width=\"412\" height=\"301\"\/><\/a><\/p>\n<div dir=\"auto\">\n<hr \/>\n<p align=\"left\"><strong style=\"font-size: 15px\"><span style=\"color: #0066ff\"><span style=\"font-family: Arial, sans-serif\"><span style=\"font-size: large\">Sortie scolaire des Classes de 5eme \u00e0 la FORTERESSE de Polignac et \u00e0 la CATH\u00c9DRALE du Puy<\/span><\/span><\/span><\/strong><span style=\"color: #0066ff\"><span style=\"font-family: Arial, sans-serif\"><span style=\"font-size: large\"> &#8211; <\/span><\/span><\/span><span style=\"color: #0066ff\"><span style=\"font-family: Arial, sans-serif\"><span style=\"font-size: large\">Octobre 2022<\/span><\/span><\/span><\/p>\n<\/div>\n<div dir=\"auto\">\n\n<hr \/>\n<p align=\"left\"><span style=\"color: #0066ff\"><span style=\"font-family: Verdana, sans-serif\"><span style=\"font-size: x-large\"><b><strong><span style=\"color: #0000ff\"><span style=\"font-size: large\">Sortie scolaire des classes de 4<\/span><\/span><\/strong><strong><span style=\"color: #0000ff\"><sup><span style=\"font-size: large\">e<\/span><\/sup><\/span><\/strong><strong><span style=\"color: #0000ff\"><span style=\"font-size: large\"> au Mus\u00e9e de la mine de Saint-Etienne au Puits Couriot 2022<br \/>\n<\/span><\/span><\/strong><\/b><\/span><\/span><\/span><\/p>\n\n<hr \/>\n<p>&nbsp;<\/p>\n<hr \/>\n<\/div>\n<div dir=\"auto\">\n<p><strong><span style=\"color: #0000ff\"><span style=\"font-family: Arial, sans-serif\"><span style=\"font-size: large\">Sortie scolaire des Classes de 5eme \u00e0 L&#8217;Atelier- Mus\u00e9e du Chapeau \u00e0 Chazelles-sur-Lyon 2022<br \/>\n<\/span><\/span><\/span><\/strong><\/p>\n<\/div>\n<div dir=\"auto\" style=\"text-align: justify\"><span style=\"color: #3366ff\">Les \u00e9l\u00e8ves ont d\u00e9couvert un ancien site industriel qui permettait la confection de chapeaux de feutre.&nbsp;Ils se sont bouch\u00e9s les oreilles \u00e0 la mise en route des diff\u00e9rentes machines, ils ont assist\u00e9 \u00e0 la mise en forme d&#8217;une cloche, pos\u00e9 des questions au guide, d\u00e9ambul\u00e9 dans les collections, \u00e9chang\u00e9 \u00e0 propos des cr\u00e9ations du concours international, feutr\u00e9 eux-m\u00eames un carr\u00e9 de laine.&nbsp;<\/span><\/div>\n<div dir=\"auto\" style=\"text-align: justify\"><span style=\"color: #3366ff\">La sortie, cl\u00f4ture avec r\u00e9ussite le&nbsp; projet d&#8217;Arts plastiques &#8220;<strong>Ensemble, tissons des liens<\/strong>&#8220;. Riche et de qualit\u00e9, la visite d&#8217;un lieu \u00e0 la fois patrimoniale et culturel, a \u00e9t\u00e9 tr\u00e8s appr\u00e9ci\u00e9e.<\/span><\/div>\n<\/div>\n<div dir=\"auto\">&nbsp;<\/div>\n<div dir=\"auto\">&nbsp;<\/div>\n<div dir=\"auto\"><a href=\"https:\/\/collegelucieaubrac.blogs.laclasse.com\/wp-content\/uploads\/sites\/1279\/2021\/06\/imh2.jpg\"><img loading=\"lazy\" decoding=\"async\" class=\"size-full wp-image-3598 aligncenter\" src=\"https:\/\/collegelucieaubrac.blogs.laclasse.com\/wp-content\/uploads\/sites\/1279\/2021\/06\/imh2.jpg\" alt=\"\" width=\"350\" height=\"502\" srcset=\"https:\/\/collegelucieaubrac.blogs.laclasse.com\/wp-content\/uploads\/sites\/1279\/2021\/06\/imh2.jpg 350w, https:\/\/collegelucieaubrac.blogs.laclasse.com\/wp-content\/uploads\/sites\/1279\/2021\/06\/imh2-209x300.jpg 209w\" sizes=\"auto, (max-width: 350px) 100vw, 350px\" \/><\/a><\/div>\n<div dir=\"auto\"><a href=\"https:\/\/collegelucieaubrac.blogs.laclasse.com\/wp-content\/uploads\/sites\/1279\/2021\/06\/IMG_20210603_113027-scaled.jpg\"><img loading=\"lazy\" decoding=\"async\" class=\"wp-image-3580 aligncenter\" src=\"https:\/\/collegelucieaubrac.blogs.laclasse.com\/wp-content\/uploads\/sites\/1279\/2021\/06\/IMG_20210603_113027-scaled.jpg\" alt=\"\" width=\"265\" height=\"577\"\/><\/a><\/div>\n<div dir=\"auto\"><a href=\"https:\/\/collegelucieaubrac.blogs.laclasse.com\/wp-content\/uploads\/sites\/1279\/2021\/06\/IMG_20210603_112747-scaled.jpg\"><img loading=\"lazy\" decoding=\"async\" class=\"wp-image-3579 aligncenter\" src=\"https:\/\/collegelucieaubrac.blogs.laclasse.com\/wp-content\/uploads\/sites\/1279\/2021\/06\/IMG_20210603_112747-scaled.jpg\" alt=\"\" width=\"278\" height=\"607\"\/><\/a><\/div>\n<div dir=\"auto\">&nbsp;<\/div>\n<div dir=\"auto\"><a href=\"https:\/\/collegelucieaubrac.blogs.laclasse.com\/wp-content\/uploads\/sites\/1279\/2021\/06\/IMG_20210603_113214-scaled.jpg\"><img loading=\"lazy\" decoding=\"async\" class=\"wp-image-3581 aligncenter\" src=\"https:\/\/collegelucieaubrac.blogs.laclasse.com\/wp-content\/uploads\/sites\/1279\/2021\/06\/IMG_20210603_113214-scaled.jpg\" alt=\"\" width=\"282\" height=\"610\"\/><\/a><\/div>\n<div dir=\"auto\">&nbsp;<\/div>\n<div dir=\"auto\">&nbsp;<\/div>\n<div dir=\"auto\">&nbsp;<\/div>\n<div dir=\"auto\"><a href=\"https:\/\/collegelucieaubrac.blogs.laclasse.com\/wp-content\/uploads\/sites\/1279\/2021\/06\/IMG_20210603_142051-scaled.jpg\"><img loading=\"lazy\" decoding=\"async\" class=\"wp-image-3584 aligncenter\" src=\"https:\/\/collegelucieaubrac.blogs.laclasse.com\/wp-content\/uploads\/sites\/1279\/2021\/06\/IMG_20210603_142051-scaled.jpg\" alt=\"\" width=\"703\" height=\"323\"\/><\/a><a href=\"https:\/\/collegelucieaubrac.blogs.laclasse.com\/wp-content\/uploads\/sites\/1279\/2021\/06\/IMG_20210603_134841-scaled.jpg\"><img loading=\"lazy\" decoding=\"async\" class=\"wp-image-3583 aligncenter\" src=\"https:\/\/collegelucieaubrac.blogs.laclasse.com\/wp-content\/uploads\/sites\/1279\/2021\/06\/IMG_20210603_134841-scaled.jpg\" alt=\"\" width=\"713\" height=\"327\"\/><\/a><\/div>\n<div dir=\"auto\"><a href=\"https:\/\/collegelucieaubrac.blogs.laclasse.com\/wp-content\/uploads\/sites\/1279\/2021\/06\/IMG_20210603_143309-scaled.jpg\"><img loading=\"lazy\" decoding=\"async\" class=\"wp-image-3585 aligncenter\" src=\"https:\/\/collegelucieaubrac.blogs.laclasse.com\/wp-content\/uploads\/sites\/1279\/2021\/06\/IMG_20210603_143309-scaled.jpg\" alt=\"\" width=\"701\" height=\"322\"\/><\/a> <a href=\"https:\/\/collegelucieaubrac.blogs.laclasse.com\/wp-content\/uploads\/sites\/1279\/2021\/06\/IMG_20210603_143343-scaled.jpg\"><img loading=\"lazy\" decoding=\"async\" class=\"wp-image-3586 aligncenter\" src=\"https:\/\/collegelucieaubrac.blogs.laclasse.com\/wp-content\/uploads\/sites\/1279\/2021\/06\/IMG_20210603_143343-scaled.jpg\" alt=\"\" width=\"709\" height=\"325\"\/><\/a><\/div>\n<div dir=\"auto\">&nbsp;<a href=\"https:\/\/collegelucieaubrac.blogs.laclasse.com\/wp-content\/uploads\/sites\/1279\/2021\/06\/IMG_20210603_133643-scaled.jpg\"><img loading=\"lazy\" decoding=\"async\" class=\"wp-image-3582 aligncenter\" src=\"https:\/\/collegelucieaubrac.blogs.laclasse.com\/wp-content\/uploads\/sites\/1279\/2021\/06\/IMG_20210603_133643-scaled.jpg\" alt=\"\" width=\"706\" height=\"325\"\/><\/a><\/div>\n<div dir=\"auto\"><a href=\"https:\/\/collegelucieaubrac.blogs.laclasse.com\/wp-content\/uploads\/sites\/1279\/2021\/06\/IMG_20210617_141759-scaled.jpg\"><img loading=\"lazy\" decoding=\"async\" class=\"wp-image-3593 aligncenter\" src=\"https:\/\/collegelucieaubrac.blogs.laclasse.com\/wp-content\/uploads\/sites\/1279\/2021\/06\/IMG_20210617_141759-scaled.jpg\" alt=\"\" width=\"590\" height=\"393\"\/><\/a><a href=\"https:\/\/collegelucieaubrac.blogs.laclasse.com\/wp-content\/uploads\/sites\/1279\/2021\/06\/IMG_20210603_102549-scaled.jpg\"><img loading=\"lazy\" decoding=\"async\" class=\"wp-image-3576 aligncenter\" src=\"https:\/\/collegelucieaubrac.blogs.laclasse.com\/wp-content\/uploads\/sites\/1279\/2021\/06\/IMG_20210603_102549-scaled.jpg\" alt=\"\" width=\"718\" height=\"330\"\/>&nbsp; <\/a><a href=\"https:\/\/collegelucieaubrac.blogs.laclasse.com\/wp-content\/uploads\/sites\/1279\/2021\/06\/IMG_20210603_103802-scaled.jpg\"><img loading=\"lazy\" decoding=\"async\" class=\"wp-image-3577 aligncenter\" src=\"https:\/\/collegelucieaubrac.blogs.laclasse.com\/wp-content\/uploads\/sites\/1279\/2021\/06\/IMG_20210603_103802-scaled.jpg\" alt=\"\" width=\"725\" height=\"334\"\/><\/a><\/div>\n<div dir=\"auto\"><a href=\"https:\/\/collegelucieaubrac.blogs.laclasse.com\/wp-content\/uploads\/sites\/1279\/2021\/06\/IMG_20210617_141258-1-scaled.jpg\"><img loading=\"lazy\" decoding=\"async\" class=\"wp-image-3591 aligncenter\" src=\"https:\/\/collegelucieaubrac.blogs.laclasse.com\/wp-content\/uploads\/sites\/1279\/2021\/06\/IMG_20210617_141258-1-scaled.jpg\" alt=\"\" width=\"341\" height=\"566\"\/><\/a><\/div>\n<div dir=\"auto\">&nbsp;<\/div>\n<div dir=\"auto\">&nbsp;<\/div>\n<div dir=\"auto\">\n<hr \/>\n<\/div>\n<div dir=\"auto\">&nbsp;<\/div>\n<div dir=\"auto\">&nbsp;<\/div>\n<div dir=\"auto\">&nbsp;<\/div>\n<div dir=\"auto\">\n<p>&nbsp;<\/p>\n<\/div>\n<p>&nbsp;<\/p>\n<p>&nbsp;<\/p>\n<p>&nbsp;<\/p>\n<p>&nbsp;<\/p>\n<p>&nbsp;<\/p>\n<p>&nbsp;<\/p>\n<p>&nbsp;<\/p>\n<p>&nbsp;<\/p>\n<div dir=\"auto\" style=\"font-size: 15px\">\n<hr \/>\n<\/div>\n<div dir=\"auto\" style=\"font-size: 15px\">&nbsp;<\/div>\n<h4>&nbsp;<\/h4>\n<p>&nbsp;<\/p>\n<p>&nbsp;<\/p>\n","protected":false},"excerpt":{"rendered":"<p>Projet &#8220;R\u00e9cits d&#8217;objets&#8221; (L. Moumen et A. Mestrallet) Depuis le d\u00e9but de l&#8217;ann\u00e9e, les \u00e9l\u00e8ves de 5e5 participent \u00e0 ce projet en lien avec le mus\u00e9e des confluences de Lyon. Lors d&#8217;un premi\u00e8re visite, ils ont choisi un objet de <a class=\"more-link\" href=\"https:\/\/collegelucieaubrac.blogs.laclasse.com\/?page_id=2976\">Continuer la lecture <span class=\"screen-reader-text\">  Sorties<\/span><span class=\"meta-nav\">&rarr;<\/span><\/a><\/p>\n","protected":false},"author":34472,"featured_media":0,"parent":0,"menu_order":0,"comment_status":"closed","ping_status":"closed","template":"","meta":{"ngg_post_thumbnail":0,"footnotes":""},"class_list":["post-2976","page","type-page","status-publish","hentry"],"_links":{"self":[{"href":"https:\/\/collegelucieaubrac.blogs.laclasse.com\/index.php?rest_route=\/wp\/v2\/pages\/2976","targetHints":{"allow":["GET"]}}],"collection":[{"href":"https:\/\/collegelucieaubrac.blogs.laclasse.com\/index.php?rest_route=\/wp\/v2\/pages"}],"about":[{"href":"https:\/\/collegelucieaubrac.blogs.laclasse.com\/index.php?rest_route=\/wp\/v2\/types\/page"}],"author":[{"embeddable":true,"href":"https:\/\/collegelucieaubrac.blogs.laclasse.com\/index.php?rest_route=\/wp\/v2\/users\/34472"}],"replies":[{"embeddable":true,"href":"https:\/\/collegelucieaubrac.blogs.laclasse.com\/index.php?rest_route=%2Fwp%2Fv2%2Fcomments&post=2976"}],"version-history":[{"count":5,"href":"https:\/\/collegelucieaubrac.blogs.laclasse.com\/index.php?rest_route=\/wp\/v2\/pages\/2976\/revisions"}],"predecessor-version":[{"id":4225,"href":"https:\/\/collegelucieaubrac.blogs.laclasse.com\/index.php?rest_route=\/wp\/v2\/pages\/2976\/revisions\/4225"}],"wp:attachment":[{"href":"https:\/\/collegelucieaubrac.blogs.laclasse.com\/index.php?rest_route=%2Fwp%2Fv2%2Fmedia&parent=2976"}],"curies":[{"name":"wp","href":"https:\/\/api.w.org\/{rel}","templated":true}]}}