{"id":3220,"date":"2020-06-09T13:13:46","date_gmt":"2020-06-09T11:13:46","guid":{"rendered":"https:\/\/collegelucieaubrac.blogs.laclasse.com\/?page_id=3220"},"modified":"2020-06-09T13:57:33","modified_gmt":"2020-06-09T11:57:33","slug":"papeterie","status":"publish","type":"page","link":"https:\/\/collegelucieaubrac.blogs.laclasse.com\/?page_id=3220","title":{"rendered":"Papeterie"},"content":{"rendered":"<p style=\"text-align: justify\"><span style=\"font-family: Arial, sans-serif\"><span style=\"font-size: large\">Le foyer socio \u00e9ducatif du coll\u00e8ge Lucie Aubrac vous offre la possibilit\u00e9 d&#8217;acqu\u00e9rir un colis papeterie \u00e0 un prix r\u00e9duit, contenant les fournitures de papeterie n\u00e9cessaires \u00e0 vos enfants. Ce colis est \u00e9labor\u00e9 en collaboration avec le chef d&#8217;\u00e9tablissement et les professeurs.<\/span><\/span><\/p>\n<p align=\"justify\"><span style=\"font-family: Arial, sans-serif\"><span style=\"font-size: large\">Ce colis est propos\u00e9 avec l&#8217;aide des anciens parents du GIPEV.<\/span><\/span><\/p>\n<p align=\"center\"><strong><span style=\"color: #0000ff\"><span style=\"font-family: Arial, sans-serif\"><span style=\"font-size: large\">NOUS AVONS OBTENU DES PRIX D\u00c9FIANT TOUTE CONCURRENCE, <\/span><\/span><\/span><\/strong><strong><span style=\"color: #0000ff\"><span style=\"font-family: Arial, sans-serif\"><span style=\"font-size: large\">LE PRIX DU COLIS RESTE INCHANG\u00c9,<br \/>\npas de hausse de prix !!!<\/span><\/span><\/span><\/strong><\/p>\n<p align=\"justify\"><span style=\"font-family: Arial, sans-serif\"><span style=\"font-size: large\">Nous rappelons aux parents que ce colis contient toute la papeterie n\u00e9cessaire pour toute l&#8217;ann\u00e9e scolaire 2020\/2021.<\/span><\/span><\/p>\n<p><a href=\"https:\/\/collegelucieaubrac.blogs.laclasse.com\/wp-content\/uploads\/sites\/1279\/2020\/06\/papeterie.png\"><img loading=\"lazy\" decoding=\"async\" class=\"size-full wp-image-3221 aligncenter\" src=\"https:\/\/collegelucieaubrac.blogs.laclasse.com\/wp-content\/uploads\/sites\/1279\/2020\/06\/papeterie.png\" alt=\"\" width=\"507\" height=\"131\" srcset=\"https:\/\/collegelucieaubrac.blogs.laclasse.com\/wp-content\/uploads\/sites\/1279\/2020\/06\/papeterie.png 507w, https:\/\/collegelucieaubrac.blogs.laclasse.com\/wp-content\/uploads\/sites\/1279\/2020\/06\/papeterie-300x78.png 300w\" sizes=\"auto, (max-width: 507px) 100vw, 507px\" \/><\/a><\/p>\n<p style=\"text-align: center\"><a href=\"https:\/\/collegelucieaubrac.blogs.laclasse.com\/wp-content\/uploads\/sites\/1279\/2020\/06\/papeterie-2.png\"><img loading=\"lazy\" decoding=\"async\" class=\"alignnone size-full wp-image-3227\" src=\"https:\/\/collegelucieaubrac.blogs.laclasse.com\/wp-content\/uploads\/sites\/1279\/2020\/06\/papeterie-2.png\" alt=\"\" width=\"507\" height=\"133\" srcset=\"https:\/\/collegelucieaubrac.blogs.laclasse.com\/wp-content\/uploads\/sites\/1279\/2020\/06\/papeterie-2.png 507w, https:\/\/collegelucieaubrac.blogs.laclasse.com\/wp-content\/uploads\/sites\/1279\/2020\/06\/papeterie-2-300x79.png 300w\" sizes=\"auto, (max-width: 507px) 100vw, 507px\" \/><\/a><\/p>\n<p style=\"text-align: justify\" align=\"justify\"><span style=\"font-size: large\">Le coupon ci-joint<\/span><b> <\/b><span style=\"font-size: large\"><u><b>est \u00e0 rapporter IMP\u00c9RATIVEMENT avant le 10 juillet 2020 <\/b><\/u><\/span><span style=\"font-size: large\">accompagn\u00e9 du r\u00e8glement<\/span><b> <\/b><span style=\"font-size: large\"><u><b>\u00e0 l\u2019ordre du FSE<\/b><\/u><\/span><b> <\/b><span style=\"font-size: large\">soit dans la bo\u00eete aux lettres du coll\u00e8ge (mettre le bon de commande et le paiement dans une enveloppe avec le nom) ou chez Mme ALBRAND, 8 all\u00e9e Ho Chi Minh 69700 GIVORS.<\/span><\/p>\n<p align=\"justify\"><span style=\"font-size: large\"><u><b>Seuls les colis dont le paiement a \u00e9t\u00e9 effectu\u00e9 seront pris en compte.<\/b><\/u><\/span><\/p>\n<p align=\"justify\"><span style=\"font-size: large\"><u><b>Les colis seront remis au coll\u00e8ge et uniquement aux dates suivantes&nbsp;:<\/b><\/u><\/span><\/p>\n<ul>\n<li>\n<p align=\"justify\"><span style=\"font-size: large\"><b>Jeudi 27 ao\u00fbt 2020 de 9 h 00 \u00e0 12 h 00 et de 14 h 00 \u00e0 18 h 00<\/b><\/span><\/p>\n<\/li>\n<li>\n<p align=\"justify\"><span style=\"font-size: large\"><b>Vendredi 28 ao\u00fbt 2020 de 9 h 00 \u00e0 12 h 00.<\/b><\/span><\/p>\n<\/li>\n<\/ul>\n<p align=\"center\"><span style=\"color: #ff0000\"><span style=\"font-size: large\"><u><b>Vous devez imp\u00e9rativement venir retirer vos colis aux dates mentionn\u00e9es ci-dessus.<\/b><\/u><\/span><\/span><\/p>\n<p align=\"center\"><\/p>\n<p align=\"center\"><\/p>\n<p>&nbsp;<\/p>\n","protected":false},"excerpt":{"rendered":"<p>Le foyer socio \u00e9ducatif du coll\u00e8ge Lucie Aubrac vous offre la possibilit\u00e9 d&#8217;acqu\u00e9rir un colis papeterie \u00e0 un prix r\u00e9duit, contenant les fournitures de papeterie n\u00e9cessaires \u00e0 vos enfants. Ce colis est \u00e9labor\u00e9 en collaboration avec le chef d&#8217;\u00e9tablissement et <a class=\"more-link\" href=\"https:\/\/collegelucieaubrac.blogs.laclasse.com\/?page_id=3220\">Continuer la lecture <span class=\"screen-reader-text\">  Papeterie<\/span><span class=\"meta-nav\">&rarr;<\/span><\/a><\/p>\n","protected":false},"author":34472,"featured_media":0,"parent":0,"menu_order":0,"comment_status":"closed","ping_status":"closed","template":"","meta":{"ngg_post_thumbnail":0,"footnotes":""},"class_list":["post-3220","page","type-page","status-publish","hentry"],"_links":{"self":[{"href":"https:\/\/collegelucieaubrac.blogs.laclasse.com\/index.php?rest_route=\/wp\/v2\/pages\/3220","targetHints":{"allow":["GET"]}}],"collection":[{"href":"https:\/\/collegelucieaubrac.blogs.laclasse.com\/index.php?rest_route=\/wp\/v2\/pages"}],"about":[{"href":"https:\/\/collegelucieaubrac.blogs.laclasse.com\/index.php?rest_route=\/wp\/v2\/types\/page"}],"author":[{"embeddable":true,"href":"https:\/\/collegelucieaubrac.blogs.laclasse.com\/index.php?rest_route=\/wp\/v2\/users\/34472"}],"replies":[{"embeddable":true,"href":"https:\/\/collegelucieaubrac.blogs.laclasse.com\/index.php?rest_route=%2Fwp%2Fv2%2Fcomments&post=3220"}],"version-history":[{"count":8,"href":"https:\/\/collegelucieaubrac.blogs.laclasse.com\/index.php?rest_route=\/wp\/v2\/pages\/3220\/revisions"}],"predecessor-version":[{"id":3254,"href":"https:\/\/collegelucieaubrac.blogs.laclasse.com\/index.php?rest_route=\/wp\/v2\/pages\/3220\/revisions\/3254"}],"wp:attachment":[{"href":"https:\/\/collegelucieaubrac.blogs.laclasse.com\/index.php?rest_route=%2Fwp%2Fv2%2Fmedia&parent=3220"}],"curies":[{"name":"wp","href":"https:\/\/api.w.org\/{rel}","templated":true}]}}