{"id":3504,"date":"2021-04-26T12:47:07","date_gmt":"2021-04-26T10:47:07","guid":{"rendered":"https:\/\/collegelucieaubrac.blogs.laclasse.com\/?page_id=3504"},"modified":"2022-06-14T17:20:07","modified_gmt":"2022-06-14T15:20:07","slug":"projets-interdisciplinaires","status":"publish","type":"page","link":"https:\/\/collegelucieaubrac.blogs.laclasse.com\/?page_id=3504","title":{"rendered":"Projets interdisciplinaires"},"content":{"rendered":"<p style=\"text-align: justify\"><span style=\"color: #0066ff\"><span style=\"font-family: Arial, sans-serif\"><span style=\"font-size: large\">Dans le cadre de l&#8217;option Langues et Cultures de l&#8217;Antiquit\u00e9 au coll\u00e8ge, pour conclure un projet de d\u00e9couverte de la <strong>MOSA\u00cfQUE ANTIQUE<\/strong>, apr\u00e8s la visite du mus\u00e9e gallo-romain de Lugdunum, les \u00e9l\u00e8ves r\u00e9alisent&nbsp; avec la mosa\u00efste <strong>&nbsp;Esther Jai d&#8217;Acosta Valoi<\/strong> une fresque d&#8217;inspiration antique autour des valeurs de l&#8217;\u00e9cole r\u00e9publicaine. Elle sera bient\u00f4t visible sur la fa\u00e7ade d&#8217;entr\u00e9e du coll\u00e8ge.<\/span><\/span><\/span><\/p>\n<p><a href=\"https:\/\/collegelucieaubrac.blogs.laclasse.com\/wp-content\/uploads\/sites\/1279\/2022\/06\/mosaique-3.jpg\"><img loading=\"lazy\" decoding=\"async\" class=\"wp-image-3930 aligncenter\" src=\"https:\/\/collegelucieaubrac.blogs.laclasse.com\/wp-content\/uploads\/sites\/1279\/2022\/06\/mosaique-3.jpg\" alt=\"\" width=\"490\" height=\"372\"\/><\/a> <a href=\"https:\/\/collegelucieaubrac.blogs.laclasse.com\/wp-content\/uploads\/sites\/1279\/2022\/06\/mosaique-1.jpg\"><img loading=\"lazy\" decoding=\"async\" class=\"wp-image-3931 aligncenter\" src=\"https:\/\/collegelucieaubrac.blogs.laclasse.com\/wp-content\/uploads\/sites\/1279\/2022\/06\/mosaique-1.jpg\" alt=\"\" width=\"494\" height=\"374\"\/><\/a> <a href=\"https:\/\/collegelucieaubrac.blogs.laclasse.com\/wp-content\/uploads\/sites\/1279\/2022\/06\/mosaique--rotated.jpg\"><img loading=\"lazy\" decoding=\"async\" class=\"wp-image-3932 aligncenter\" src=\"https:\/\/collegelucieaubrac.blogs.laclasse.com\/wp-content\/uploads\/sites\/1279\/2022\/06\/mosaique--rotated.jpg\" alt=\"\" width=\"353\" height=\"467\"\/><\/a> <a href=\"https:\/\/collegelucieaubrac.blogs.laclasse.com\/wp-content\/uploads\/sites\/1279\/2022\/06\/mosaique-2-rotated.jpg\"><img loading=\"lazy\" decoding=\"async\" class=\"wp-image-3933 aligncenter\" src=\"https:\/\/collegelucieaubrac.blogs.laclasse.com\/wp-content\/uploads\/sites\/1279\/2022\/06\/mosaique-2-rotated.jpg\" alt=\"\" width=\"353\" height=\"467\"\/><\/a><\/p>\n<hr \/>\n<p style=\"text-align: justify\"><strong><span style=\"color: #0000ff\">Classe Europ\u00e9enne<\/span><\/strong> <span style=\"color: #0000ff\">: Nous proposons aux \u00e9l\u00e8ves de troisi\u00e8mes volontaires de participer \u00e0 une classe europ\u00e9enne. Les \u00e9l\u00e8ves se retrouvent une heure par semaine et suivent un cours de math\u00e9matiques sortant de l&#8217;ordinaire et tout en Anglais.&nbsp;<\/span><br \/>\n<span style=\"color: #0000ff\">En effet, ils pourront d\u00e9couvrir les principes de la cryptographie, l&#8217;histoire des scientifiques anglophones et leurs d\u00e9couvertes, le syst\u00e8me de mesure anglophone et sa pratique, et bien d&#8217;autres choses.<\/span><\/p>\n<p><a href=\"https:\/\/collegelucieaubrac.blogs.laclasse.com\/wp-content\/uploads\/sites\/1279\/2021\/04\/affiche-euro.jpg\"><img loading=\"lazy\" decoding=\"async\" class=\"wp-image-3505 aligncenter\" src=\"https:\/\/collegelucieaubrac.blogs.laclasse.com\/wp-content\/uploads\/sites\/1279\/2021\/04\/affiche-euro.jpg\" alt=\"\" width=\"606\" height=\"342\"\/><\/a><\/p>\n","protected":false},"excerpt":{"rendered":"<p>Dans le cadre de l&#8217;option Langues et Cultures de l&#8217;Antiquit\u00e9 au coll\u00e8ge, pour conclure un projet de d\u00e9couverte de la MOSA\u00cfQUE ANTIQUE, apr\u00e8s la visite du mus\u00e9e gallo-romain de Lugdunum, les \u00e9l\u00e8ves r\u00e9alisent&nbsp; avec la mosa\u00efste &nbsp;Esther Jai d&#8217;Acosta Valoi <a class=\"more-link\" href=\"https:\/\/collegelucieaubrac.blogs.laclasse.com\/?page_id=3504\">Continuer la lecture <span class=\"screen-reader-text\">  Projets interdisciplinaires<\/span><span class=\"meta-nav\">&rarr;<\/span><\/a><\/p>\n","protected":false},"author":34472,"featured_media":0,"parent":0,"menu_order":0,"comment_status":"closed","ping_status":"closed","template":"","meta":{"ngg_post_thumbnail":0,"footnotes":""},"class_list":["post-3504","page","type-page","status-publish","hentry"],"_links":{"self":[{"href":"https:\/\/collegelucieaubrac.blogs.laclasse.com\/index.php?rest_route=\/wp\/v2\/pages\/3504","targetHints":{"allow":["GET"]}}],"collection":[{"href":"https:\/\/collegelucieaubrac.blogs.laclasse.com\/index.php?rest_route=\/wp\/v2\/pages"}],"about":[{"href":"https:\/\/collegelucieaubrac.blogs.laclasse.com\/index.php?rest_route=\/wp\/v2\/types\/page"}],"author":[{"embeddable":true,"href":"https:\/\/collegelucieaubrac.blogs.laclasse.com\/index.php?rest_route=\/wp\/v2\/users\/34472"}],"replies":[{"embeddable":true,"href":"https:\/\/collegelucieaubrac.blogs.laclasse.com\/index.php?rest_route=%2Fwp%2Fv2%2Fcomments&post=3504"}],"version-history":[{"count":6,"href":"https:\/\/collegelucieaubrac.blogs.laclasse.com\/index.php?rest_route=\/wp\/v2\/pages\/3504\/revisions"}],"predecessor-version":[{"id":3938,"href":"https:\/\/collegelucieaubrac.blogs.laclasse.com\/index.php?rest_route=\/wp\/v2\/pages\/3504\/revisions\/3938"}],"wp:attachment":[{"href":"https:\/\/collegelucieaubrac.blogs.laclasse.com\/index.php?rest_route=%2Fwp%2Fv2%2Fmedia&parent=3504"}],"curies":[{"name":"wp","href":"https:\/\/api.w.org\/{rel}","templated":true}]}}