{"id":3746,"date":"2021-12-07T16:49:34","date_gmt":"2021-12-07T14:49:34","guid":{"rendered":"https:\/\/collegelucieaubrac.blogs.laclasse.com\/?page_id=3746"},"modified":"2021-12-07T17:00:47","modified_gmt":"2021-12-07T15:00:47","slug":"edition-2020-2021","status":"publish","type":"page","link":"https:\/\/collegelucieaubrac.blogs.laclasse.com\/?page_id=3746","title":{"rendered":"Edition 2020-2021"},"content":{"rendered":"<p align=\"center\"><span style=\"color: #0066ff\"><span style=\"font-family: sans-serif\"><span style=\"font-size: x-large\">En d\u00e9pit des contraintes sanitaires, nos six finalistes ont pu d\u00e9montrer l\u2019\u00e9tendue de leurs talents.<\/span><\/span> <\/span><\/p>\n<p align=\"center\"><span style=\"color: #0066ff\"><br \/>\n<span style=\"font-family: sans-serif\"><span style=\"font-size: x-large\">La grande gagnante de l\u2019\u00e9dition 2020 est <\/span><\/span><\/span><\/p>\n<p align=\"center\"><strong><span style=\"color: #0066ff\"><span style=\"font-family: sans-serif\"><span style=\"font-size: x-large\">Kenza Khelifi<\/span><\/span> <\/span><\/strong><\/p>\n<p align=\"center\"><span style=\"color: #0066ff\"><br \/>\n<span style=\"font-family: sans-serif\"><span style=\"font-size: x-large\">F\u00e9licitations ! <\/span><\/span><\/span><\/p>\n<p align=\"center\"><a name=\"page6R_mcid4\"><\/a><a href=\"https:\/\/collegelucieaubrac.blogs.laclasse.com\/wp-content\/uploads\/sites\/1279\/2021\/12\/audacia-3.jpg\"><img loading=\"lazy\" decoding=\"async\" class=\"alignnone size-full wp-image-3758\" src=\"https:\/\/collegelucieaubrac.blogs.laclasse.com\/wp-content\/uploads\/sites\/1279\/2021\/12\/audacia-3.jpg\" alt=\"\" width=\"799\" height=\"634\" srcset=\"https:\/\/collegelucieaubrac.blogs.laclasse.com\/wp-content\/uploads\/sites\/1279\/2021\/12\/audacia-3.jpg 799w, https:\/\/collegelucieaubrac.blogs.laclasse.com\/wp-content\/uploads\/sites\/1279\/2021\/12\/audacia-3-300x238.jpg 300w, https:\/\/collegelucieaubrac.blogs.laclasse.com\/wp-content\/uploads\/sites\/1279\/2021\/12\/audacia-3-768x609.jpg 768w\" sizes=\"auto, (max-width: 799px) 100vw, 799px\" \/><\/a><\/p>\n<p align=\"center\"><span style=\"color: #0066ff\"><br \/>\n<span style=\"font-family: sans-serif\"><span style=\"font-size: x-large\">Vid\u00e9o \u00e0 venir&#8230;<\/span><\/span> <\/span><\/p>\n<p align=\"center\">&nbsp;<\/p>\n","protected":false},"excerpt":{"rendered":"<p>En d\u00e9pit des contraintes sanitaires, nos six finalistes ont pu d\u00e9montrer l\u2019\u00e9tendue de leurs talents. La grande gagnante de l\u2019\u00e9dition 2020 est Kenza Khelifi F\u00e9licitations ! Vid\u00e9o \u00e0 venir&#8230; &nbsp;<\/p>\n","protected":false},"author":34472,"featured_media":0,"parent":0,"menu_order":0,"comment_status":"closed","ping_status":"closed","template":"","meta":{"ngg_post_thumbnail":0,"footnotes":""},"class_list":["post-3746","page","type-page","status-publish","hentry"],"_links":{"self":[{"href":"https:\/\/collegelucieaubrac.blogs.laclasse.com\/index.php?rest_route=\/wp\/v2\/pages\/3746","targetHints":{"allow":["GET"]}}],"collection":[{"href":"https:\/\/collegelucieaubrac.blogs.laclasse.com\/index.php?rest_route=\/wp\/v2\/pages"}],"about":[{"href":"https:\/\/collegelucieaubrac.blogs.laclasse.com\/index.php?rest_route=\/wp\/v2\/types\/page"}],"author":[{"embeddable":true,"href":"https:\/\/collegelucieaubrac.blogs.laclasse.com\/index.php?rest_route=\/wp\/v2\/users\/34472"}],"replies":[{"embeddable":true,"href":"https:\/\/collegelucieaubrac.blogs.laclasse.com\/index.php?rest_route=%2Fwp%2Fv2%2Fcomments&post=3746"}],"version-history":[{"count":2,"href":"https:\/\/collegelucieaubrac.blogs.laclasse.com\/index.php?rest_route=\/wp\/v2\/pages\/3746\/revisions"}],"predecessor-version":[{"id":3759,"href":"https:\/\/collegelucieaubrac.blogs.laclasse.com\/index.php?rest_route=\/wp\/v2\/pages\/3746\/revisions\/3759"}],"wp:attachment":[{"href":"https:\/\/collegelucieaubrac.blogs.laclasse.com\/index.php?rest_route=%2Fwp%2Fv2%2Fmedia&parent=3746"}],"curies":[{"name":"wp","href":"https:\/\/api.w.org\/{rel}","templated":true}]}}