{"id":3916,"date":"2022-06-14T16:38:49","date_gmt":"2022-06-14T14:38:49","guid":{"rendered":"https:\/\/collegelucieaubrac.blogs.laclasse.com\/?page_id=3916"},"modified":"2022-06-14T17:03:03","modified_gmt":"2022-06-14T15:03:03","slug":"journal-infoaubrac","status":"publish","type":"page","link":"https:\/\/collegelucieaubrac.blogs.laclasse.com\/?page_id=3916","title":{"rendered":"JOURNAL INFO&#8217;AUBRAC"},"content":{"rendered":"<p style=\"text-align: justify\"><span style=\"color: #0000ff\"><span style=\"font-family: Arial, sans-serif\"><span style=\"font-size: x-large\">Durant le printemps 2022, les \u00e9l\u00e8ves de 4e3, 4e4, 3e4 et les \u00e9l\u00e8ves de l&#8217;atelier RELAIS sont devenus journalistes !<\/span><\/span><\/span><\/p>\n<p style=\"text-align: justify\"><span style=\"color: #0066ff\"><span style=\"font-family: Arial, sans-serif\"><span style=\"font-size: large\">Apr\u00e8s plusieurs ateliers sur les m\u00e9dias avec Fanny Hardy (journaliste ind\u00e9pendante, membre de l&#8217;association \u2018Entre les lignes\u2019) et avec l&#8217;aide de la m\u00e9diath\u00e8que de Givors, ils se sont lanc\u00e9s dans l&#8217;aventure de la cr\u00e9ation d&#8217;un journal, du choix des articles aux reportages\/interviews \u00e0 la r\u00e9daction finale. <\/span><\/span><\/span><\/p>\n<p style=\"text-align: justify\"><span style=\"color: #0066ff\"><span style=\"font-family: Arial, sans-serif\"><span style=\"font-size: large\">Ils ont ainsi cr\u00e9\u00e9 l&#8217;Inf&#8217;Aubrac, un journal \u00e9toff\u00e9 de 24 pages qui abordent des th\u00e9matiques tr\u00e8s vari\u00e9es (A la rencontre de l&#8217;avocat de Nordahl Lelandais, La v\u00e9rit\u00e9 sur la vie des Ou\u00efghours en Chine, S&#8217;alimenter durant le Ramadan, Interview d&#8217;une styliste de chez John Galliano, etc) <\/span><\/span><\/span><\/p>\n<p style=\"text-align: justify\"><span style=\"color: #0066ff\"><span style=\"font-family: Arial, sans-serif\"><span style=\"font-size: large\">Voici quelques pages. Un grand bravo \u00e0 tous !<\/span><\/span><\/span><\/p>\n\n","protected":false},"excerpt":{"rendered":"<p>Durant le printemps 2022, les \u00e9l\u00e8ves de 4e3, 4e4, 3e4 et les \u00e9l\u00e8ves de l&#8217;atelier RELAIS sont devenus journalistes ! Apr\u00e8s plusieurs ateliers sur les m\u00e9dias avec Fanny Hardy (journaliste ind\u00e9pendante, membre de l&#8217;association \u2018Entre les lignes\u2019) et avec l&#8217;aide <a class=\"more-link\" href=\"https:\/\/collegelucieaubrac.blogs.laclasse.com\/?page_id=3916\">Continuer la lecture <span class=\"screen-reader-text\">  JOURNAL INFO&#8217;AUBRAC<\/span><span class=\"meta-nav\">&rarr;<\/span><\/a><\/p>\n","protected":false},"author":34472,"featured_media":0,"parent":0,"menu_order":0,"comment_status":"closed","ping_status":"closed","template":"","meta":{"ngg_post_thumbnail":0,"footnotes":""},"class_list":["post-3916","page","type-page","status-publish","hentry"],"_links":{"self":[{"href":"https:\/\/collegelucieaubrac.blogs.laclasse.com\/index.php?rest_route=\/wp\/v2\/pages\/3916","targetHints":{"allow":["GET"]}}],"collection":[{"href":"https:\/\/collegelucieaubrac.blogs.laclasse.com\/index.php?rest_route=\/wp\/v2\/pages"}],"about":[{"href":"https:\/\/collegelucieaubrac.blogs.laclasse.com\/index.php?rest_route=\/wp\/v2\/types\/page"}],"author":[{"embeddable":true,"href":"https:\/\/collegelucieaubrac.blogs.laclasse.com\/index.php?rest_route=\/wp\/v2\/users\/34472"}],"replies":[{"embeddable":true,"href":"https:\/\/collegelucieaubrac.blogs.laclasse.com\/index.php?rest_route=%2Fwp%2Fv2%2Fcomments&post=3916"}],"version-history":[{"count":7,"href":"https:\/\/collegelucieaubrac.blogs.laclasse.com\/index.php?rest_route=\/wp\/v2\/pages\/3916\/revisions"}],"predecessor-version":[{"id":3927,"href":"https:\/\/collegelucieaubrac.blogs.laclasse.com\/index.php?rest_route=\/wp\/v2\/pages\/3916\/revisions\/3927"}],"wp:attachment":[{"href":"https:\/\/collegelucieaubrac.blogs.laclasse.com\/index.php?rest_route=%2Fwp%2Fv2%2Fmedia&parent=3916"}],"curies":[{"name":"wp","href":"https:\/\/api.w.org\/{rel}","templated":true}]}}